{"id":783,"date":"2019-12-02T13:58:51","date_gmt":"2019-12-02T12:58:51","guid":{"rendered":"http:\/\/matematikdidaktik.org\/?page_id=783"},"modified":"2019-12-02T17:20:44","modified_gmt":"2019-12-02T16:20:44","slug":"smdfbladet-nr-8-december-2019","status":"publish","type":"page","link":"http:\/\/matematikdidaktik.org\/index.php\/smdfbladet-nr-8-december-2019\/","title":{"rendered":"SMDFbladet nr 8, december 2019"},"content":{"rendered":"<p><a href=\"http:\/\/matematikdidaktik.org\/wp-content\/uploads\/2019\/12\/SMDFbladet8_2019_12_02.pdf\">Det \u00e4r m\u00e4tbart, d\u00e4rf\u00f6r finns det&#8230;<\/a><\/p>\n","protected":false},"excerpt":{"rendered":"<p>Det \u00e4r m\u00e4tbart, d\u00e4rf\u00f6r finns det&#8230;<\/p>\n","protected":false},"author":3,"featured_media":0,"parent":0,"menu_order":0,"comment_status":"closed","ping_status":"closed","template":"","meta":{"footnotes":""},"class_list":["post-783","page","type-page","status-publish","hentry"],"_links":{"self":[{"href":"http:\/\/matematikdidaktik.org\/index.php\/wp-json\/wp\/v2\/pages\/783","targetHints":{"allow":["GET"]}}],"collection":[{"href":"http:\/\/matematikdidaktik.org\/index.php\/wp-json\/wp\/v2\/pages"}],"about":[{"href":"http:\/\/matematikdidaktik.org\/index.php\/wp-json\/wp\/v2\/types\/page"}],"author":[{"embeddable":true,"href":"http:\/\/matematikdidaktik.org\/index.php\/wp-json\/wp\/v2\/users\/3"}],"replies":[{"embeddable":true,"href":"http:\/\/matematikdidaktik.org\/index.php\/wp-json\/wp\/v2\/comments?post=783"}],"version-history":[{"count":3,"href":"http:\/\/matematikdidaktik.org\/index.php\/wp-json\/wp\/v2\/pages\/783\/revisions"}],"predecessor-version":[{"id":792,"href":"http:\/\/matematikdidaktik.org\/index.php\/wp-json\/wp\/v2\/pages\/783\/revisions\/792"}],"wp:attachment":[{"href":"http:\/\/matematikdidaktik.org\/index.php\/wp-json\/wp\/v2\/media?parent=783"}],"curies":[{"name":"wp","href":"https:\/\/api.w.org\/{rel}","templated":true}]}}