{"id":765,"date":"2019-11-02T00:30:51","date_gmt":"2019-11-01T23:30:51","guid":{"rendered":"http:\/\/matematikdidaktik.org\/?page_id=765"},"modified":"2019-11-02T00:30:51","modified_gmt":"2019-11-01T23:30:51","slug":"arsmote-2019","status":"publish","type":"page","link":"http:\/\/matematikdidaktik.org\/index.php\/arsmote-2019\/","title":{"rendered":"\u00c5rsm\u00f6te 2019"},"content":{"rendered":"<p class=\"x_MsoNormal\"><span lang=\"SV\">SMDF\u00a0h\u00f6ll \u00e5rsm\u00f6te 2019-02-01 p\u00e5 Nationellt Centrum f\u00f6r Matematikutbildning, G\u00f6teborgs universitet<\/span><\/p>\n<ul>\n<li><a href=\"http:\/\/matematikdidaktik.org\/wp-content\/uploads\/2019\/01\/2018_SMDF_Verksamhetsbera\u0308ttelse.pdf\">Verksamhetsber\u00e4ttelse 2018<\/a><\/li>\n<li><a href=\"http:\/\/matematikdidaktik.org\/wp-content\/uploads\/2019\/01\/2019_SMDF_Verksamhetsplan.pdf\">Verksamhetsplan f\u00f6r 2019<\/a><\/li>\n<li class=\"x_MsoNormal\"><a href=\"http:\/\/matematikdidaktik.org\/wp-content\/uploads\/2019\/11\/190201-A\u030arsmo\u0308te-2019.pdf\">Protokoll \u00e5rsmo\u0308te 2019<\/a><\/li>\n<\/ul>\n<p class=\"x_MsoNormal\">Efter \u00a0\u00e5rsm\u00f6tet h\u00f6lls ett konstituerande m\u00f6te.<\/p>\n<ul>\n<li class=\"x_MsoNormal\"><a href=\"http:\/\/matematikdidaktik.org\/wp-content\/uploads\/2019\/11\/100102-Konstituerande-mo\u0308te.pdf\"> Protokoll f\u00f6r konstituerande mo\u0308te 2019<\/a><\/li>\n<\/ul>\n","protected":false},"excerpt":{"rendered":"<p>SMDF\u00a0h\u00f6ll \u00e5rsm\u00f6te 2019-02-01 p\u00e5 Nationellt Centrum f\u00f6r Matematikutbildning, G\u00f6teborgs universitet Verksamhetsber\u00e4ttelse 2018 Verksamhetsplan f\u00f6r 2019 Protokoll \u00e5rsmo\u0308te 2019 Efter \u00a0\u00e5rsm\u00f6tet h\u00f6lls ett konstituerande m\u00f6te. Protokoll f\u00f6r konstituerande mo\u0308te 2019<\/p>\n","protected":false},"author":3,"featured_media":0,"parent":0,"menu_order":0,"comment_status":"closed","ping_status":"closed","template":"","meta":{"footnotes":""},"class_list":["post-765","page","type-page","status-publish","hentry"],"_links":{"self":[{"href":"http:\/\/matematikdidaktik.org\/index.php\/wp-json\/wp\/v2\/pages\/765","targetHints":{"allow":["GET"]}}],"collection":[{"href":"http:\/\/matematikdidaktik.org\/index.php\/wp-json\/wp\/v2\/pages"}],"about":[{"href":"http:\/\/matematikdidaktik.org\/index.php\/wp-json\/wp\/v2\/types\/page"}],"author":[{"embeddable":true,"href":"http:\/\/matematikdidaktik.org\/index.php\/wp-json\/wp\/v2\/users\/3"}],"replies":[{"embeddable":true,"href":"http:\/\/matematikdidaktik.org\/index.php\/wp-json\/wp\/v2\/comments?post=765"}],"version-history":[{"count":1,"href":"http:\/\/matematikdidaktik.org\/index.php\/wp-json\/wp\/v2\/pages\/765\/revisions"}],"predecessor-version":[{"id":768,"href":"http:\/\/matematikdidaktik.org\/index.php\/wp-json\/wp\/v2\/pages\/765\/revisions\/768"}],"wp:attachment":[{"href":"http:\/\/matematikdidaktik.org\/index.php\/wp-json\/wp\/v2\/media?parent=765"}],"curies":[{"name":"wp","href":"https:\/\/api.w.org\/{rel}","templated":true}]}}