{"id":701,"date":"2019-05-01T18:05:08","date_gmt":"2019-05-01T16:05:08","guid":{"rendered":"http:\/\/matematikdidaktik.org\/?page_id=701"},"modified":"2026-03-12T15:36:36","modified_gmt":"2026-03-12T14:36:36","slug":"lediga-tjanster","status":"publish","type":"page","link":"http:\/\/matematikdidaktik.org\/index.php\/lediga-tjanster\/","title":{"rendered":"Lediga tj\u00e4nster"},"content":{"rendered":"<p>H\u00e4r hittar ni matematikdidaktikrelaterade tj\u00e4nster som utlysts vid olika h\u00f6gskolor och universitet. SMDF s\u00f6ker inte upp lediga tj\u00e4nster. De h\u00f6gskolor och universitet som via denna sida vill sprida information om lediga tj\u00e4nster ombeds kontakta SMDFs webbansvarig.<\/p>\n<p>Aktuella utlysningar:<\/p>\n<ul>\n<li><a href=\"https:\/\/www.oru.se\/jobba-hos-oss\/lediga-jobb\/jobbannons\/?jid=20260049\" target=\"_blank\" rel=\"noopener\">\u00d6rebro universitet utlyser sex doktorandtj\u00e4nster i forskarskolan Utbildningsvetenskap med inriktning mot didaktik. Sista ans\u00f6kningsdag 2026-04-27.<\/a><\/li>\n<li><a class=\"x_x_OWAAutoLink\" title=\"https:\/\/abo.rekrytointi.com\/paikat\/index.php?jid=994&amp;o=A_RJ\" contenteditable=\"false\" href=\"https:\/\/abo.rekrytointi.com\/paikat\/index.php?jid=994&amp;o=A_RJ\" target=\"_blank\" rel=\"noopener noreferrer\">\u00c5bo Akademi s\u00f6ker en\u00a0universitetslektor\/universitetsl\u00e4rare i matematikens och fysikens didaktik\u00a0f\u00f6r tiden 1.8.2026\u201331.7.2028. Sista ans\u00f6kningsdag 20 mars 2026.<\/a><\/li>\n<li><a href=\"https:\/\/umu.varbi.com\/what:job\/jobID:890954\/\" target=\"_blank\" rel=\"noopener\">Ume\u00e5 universitet utlyser doktorandtj\u00e4nster. Sista ans\u00f6kningsdag 26-03-23.<\/a><\/li>\n<li><a href=\"https:\/\/lnu.se\/mot-linneuniversitetet\/jobba-hos-oss\/lediga-jobb\/?rmpage=job&amp;rmjob=8947&amp;rmlang=SE\" target=\"_blank\" rel=\"noopener\">Linn\u00e9universitetet utlyser doktorandtj\u00e4nster. Sista ans\u00f6kningsdag 26-03-05.<\/a><\/li>\n<li><a href=\"https:\/\/web103.reachmee.com\/ext\/I018\/1151\/job?site=6&amp;lang=SE&amp;validator=b794921ef43b510ae6e5f2dee2761c1b&amp;job_id=3624\" target=\"_blank\" rel=\"noopener\">M\u00e4lardalens universitet utlyser doktorandtj\u00e4nster. Sista ans\u00f6kningsdag 26-02-27.<\/a><\/li>\n<li><a href=\"https:\/\/kau.varbi.com\/se\/what:job\/jobID:894655\/iframeEmbedded:0\/where:4\" target=\"_blank\" rel=\"noopener\">Karlstads universitet utlyser 5 doktorandanst\u00e4llningar i \u00e4mnesdidaktik. Sista ans\u00f6kningsdag 2026-03-16.<\/a><\/li>\n<\/ul>\n<p>Tidigare utlysningar:<\/p>\n<ul>\n<li><a href=\"https:\/\/www.chalmers.se\/om-chalmers\/arbeta-hos-oss\/lediga-tjanster\/?rmpage=job&amp;rmjob=14443&amp;rmlang=SE\" target=\"_blank\" rel=\"noopener\">Chalmers utlyser postdok-tj\u00e4nst i matematik med inriktning utbildningsvetenskap. Sista ans\u00f6kningsdag 2026-02-23<\/a><\/li>\n<li><a href=\"https:\/\/web103.reachmee.com\/ext\/I018\/1151\/job?site=6&amp;lang=SE&amp;validator=b794921ef43b510ae6e5f2dee2761c1b&amp;job_id=p3600\" target=\"_blank\" rel=\"noopener\">M\u00e4lardalens universitet utlyser doktorandtj\u00e4nster i didaktik med inriktning matematik. Sista ans\u00f6kningsdag 2026-02-19<\/a><\/li>\n<li><a href=\"https:\/\/su.varbi.com\/what:job\/jobID:889926\/where:4\/\" target=\"_blank\" rel=\"noopener\">Stockholms universitet utlyser doktorandtj\u00e4nster i matematikdidaktik knutna till forskarskolan REMATH II. Sista ans\u00f6kningsdag 2026-02-28.<\/a><\/li>\n<li><a href=\"https:\/\/su.varbi.com\/what:job\/jobID:889982\/where:4\/\" target=\"_blank\" rel=\"noopener\">Stockholms universitet utlyser doktorandtj\u00e4nster i matematikdidaktik knutna till forskarskolan ASSESS. Sista ans\u00f6kningsdag 2026-02-28.<\/a><\/li>\n<li><a href=\"https:\/\/kau.varbi.com\/se\/what:job\/jobID:878246\/type:job\/where:1\/apply:1\" target=\"_blank\" rel=\"noopener\">Karlstads universitet utlyser doktorandtj\u00e4nster i matematik med inriktning matematikens didaktik. Sista ans\u00f6kningsdag 2026-02-25.<\/a><\/li>\n<li><a href=\"https:\/\/kau.varbi.com\/en\/what:job\/jobID:878246\/type:job\/where:1\/apply:1%22%20target=%22_blank%22%20rel=%22noopener%22%3EDescription%20in%20English\" target=\"_blank\" rel=\"noopener\">Description in English<\/a><\/li>\n<li><a href=\"https:\/\/www.ltu.se\/om-universitetet\/arbeta-hos-oss\/lediga-jobb?rmjob=9709#item-9709\" target=\"_blank\" rel=\"noopener\">Lule\u00e5 tekniska universitet utlyser tv\u00e5 doktorandtj\u00e4nster inom Matematikens och naturvetenskapernas didaktik med sista ans\u00f6kningsdag 2026-01-20.<\/a><br \/>\n<a href=\"https:\/\/www.ltu.se\/om-universitetet\/arbeta-hos-oss\/lediga-jobb?rmjob=9711#item-9711\" target=\"_blank\" rel=\"noopener\">L\u00e4nk till variant tv\u00e5.<\/a><\/li>\n<li><a href=\"https:\/\/web103.reachmee.com\/ext\/I005\/1015\/job?site=6&amp;lang=SE&amp;validator=df9f5539db53eab37b3e3087d2a2669b&amp;job_id=4287\">Malm\u00f6 Universitet utlyser doktorandplatser i forskarutbildnings\u00e4mnet naturvetenskapernas och matematikens didaktik. Sista ans\u00f6kningsdag 2026-01-20<\/a><\/li>\n<li><a href=\"https:\/\/www.gu.se\/om-universitetet\/jobba-hos-oss\/lediga-anstallningar\">IDPP utlyser doktorandplatser med start h\u00f6sten 2026 i Pedagogiskt arbete och \u00c4mnesdidaktik med inriktningar (1-4 anst\u00e4llningar). Sista ans\u00f6kningsdag 2026-01-07<\/a><\/li>\n<li><a href=\"https:\/\/www.du.se\/sv\/om-oss\/jobba-hos-oss\/vara-lediga-jobb\/ledig-tjanst\/?job=2623\" target=\"_blank\" rel=\"noopener\">H\u00f6gskolan Dalarna Lektor matematikdidaktik. Sista ans\u00f6kningsdag 25-11-10<\/a><\/li>\n<li><a href=\"https:\/\/www.du.se\/sv\/om-oss\/jobba-hos-oss\/vara-lediga-jobb\/ledig-tjanst\/?job=2622\" target=\"_blank\" rel=\"noopener\">H\u00f6gskolan Dalarna Bitr. lektor matematikdidaktik. Sista ans\u00f6kningsdag 25-11-10<\/a><\/li>\n<li><a href=\"https:\/\/www.du.se\/sv\/om-oss\/jobba-hos-oss\/vara-lediga-jobb\/ledig-tjanst\/?job=2621\" target=\"_blank\" rel=\"noopener\">H\u00f6gskolan Dalarna Adjunkt matematikdidaktik. Sista ans\u00f6kningsdag 25-11-10<\/a><\/li>\n<li><a href=\"https:\/\/www.uu.se\/om-uu\/jobba-hos-oss\/lediga-jobb\/jobbannons?query=802584\" target=\"_blank\" rel=\"noopener\">Uppsala Universitet Universitetslektor i didaktik med inriktning mot matematik<\/a><a href=\"https:\/\/www.uu.se\/om-uu\/jobba-hos-oss\/lediga-jobb\/jobbannons?query=802584\" target=\"_blank\" rel=\"noopener\">. Sista ans\u00f6kningsdag 25-09-30<\/a><\/li>\n<li><a href=\"https:\/\/www.du.se\/sv\/om-oss\/jobba-hos-oss\/vara-lediga-jobb\/ledig-tjanst\/?job=2559\" target=\"_blank\" rel=\"noopener\">H\u00f6gskolan Dalarna Lektor matematikdidaktik. Sista ans\u00f6kningsdag 25-05-25<\/a><\/li>\n<li><a href=\"https:\/\/www.du.se\/sv\/om-oss\/jobba-hos-oss\/vara-lediga-jobb\/ledig-tjanst\/?job=2560\" target=\"_blank\" rel=\"noopener\">H\u00f6gskolan Dalarna Bitr. lektor matematikdidaktik. Sista ans\u00f6kningsdag 25-05-25<\/a><\/li>\n<li><a href=\"https:\/\/www.du.se\/sv\/om-oss\/jobba-hos-oss\/vara-lediga-jobb\/ledig-tjanst\/?job=2561\" target=\"_blank\" rel=\"noopener\">H\u00f6gskolan Dalarna Adjunkt matematikdidaktik. Sista ans\u00f6kningsdag 25-05-11<\/a><\/li>\n<li><a href=\"https:\/\/www.du.se\/sv\/om-oss\/jobba-hos-oss\/vara-lediga-jobb\/ledig-tjanst\/?job=2558\" target=\"_blank\" rel=\"noopener\">H\u00f6gskolan Dalarna Vik. adjunkt matematikdidaktik. Sista ans\u00f6kningsdag 25-05-11<\/a><\/li>\n<li><a href=\"https:\/\/web103.reachmee.com\/ext\/I018\/1151\/job?site=6&amp;lang=SE&amp;validator=b794921ef43b510ae6e5f2dee2761c1b&amp;job_id=p3105\" target=\"_blank\" rel=\"noopener\">M\u00e4lardalens universitet Doktorand i didaktik. Sista ans\u00f6kningsdag 2025-05-05<\/a><\/li>\n<li><a href=\"https:\/\/web103.reachmee.com\/ext\/I005\/1015\/job?site=6&amp;lang=SE&amp;validator=df9f5539db53eab37b3e3087d2a2669b&amp;job_id=3912\" target=\"_blank\" rel=\"noopener\">Professor i matematikens didaktik vid Malm\u00f6 universitet.\u00a0Ans\u00f6kan ska vara inl\u00e4mnad senast 25-06-09<\/a><\/li>\n<li><a href=\"https:\/\/web103.reachmee.com\/ext\/I018\/1151\/job?site=6&amp;lang=SE&amp;validator=b794921ef43b510ae6e5f2dee2761c1b&amp;job_id=2829\">Doktorand i matematikdidaktik vid M\u00e4lardalens universitet. Ans\u00f6kan ska vara inl\u00e4mnad senast 2025-03-03<\/a><\/li>\n<li><a href=\"https:\/\/web103.reachmee.com\/ext\/I018\/1151\/job?site=6&amp;lang=SE&amp;validator=b794921ef43b510ae6e5f2dee2761c1b&amp;job_id=2830\">Doktorand i matematikdidaktik, fr\u00e5n licentiat till doktor, vid M\u00e4lardalens universitet. Ans\u00f6kan ska vara inl\u00e4mnad senast 2025-02-24<\/a><\/li>\n<li><a href=\"https:\/\/abo.rekrytointi.com\/paikat\/index.php?jid=767&amp;key=&amp;o=A_RJ&amp;rspvt=o05d3j39rb40c4scg0o0wscc08ck80w\">Professor i matematikens och naturvetenskapernas didaktik vid \u00c5bo akademi. Ans\u00f6kan ska vara inl\u00e4mnad senast 2024-04-26<\/a><\/li>\n<li><a href=\"https:\/\/www.sh.se\/ledigajobb?rmpage=job&amp;rmjob=7101&amp;rmlang=SE\">Bitr\u00e4dande lektor i matematikdidaktik vid S\u00f6dert\u00f6rns h\u00f6gskola. Ans\u00f6kan ska vara inl\u00e4mnad senast 2024-04-02<\/a><\/li>\n<li><a style=\"color: #ea9629; text-decoration-line: underline; outline: 0px;\" href=\"https:\/\/www.sh.se\/ledigajobb?rmpage=job&amp;rmjob=7155&amp;rmlang=SE\">Lektor i matematikdidaktik vid S\u00f6dert\u00f6rns h\u00f6gskola. Ans\u00f6kan ska vara inl\u00e4mnad senast 2024-04-02<\/a><\/li>\n<li><a href=\"https:\/\/lu.varbi.com\/se\/what:job\/jobID:702761\/\">Doktorand i utbildningsvetenskap med inriktning mot matematikdidaktik vid Lunds universitet. Ans\u00f6kan ska vara inl\u00e4mnad senast 2024-03-15<\/a><\/li>\n<li><a href=\"https:\/\/www.oru.se\/jobba-hos-oss\/lediga-jobb\/jobbannons\/?jid=20230348\">Professor i matematikdidaktik vid \u00d6rebro universitet. Ans\u00f6kan ska vara inl\u00e4mnad senast 2024-02-29<\/a><\/li>\n<li><a href=\"https:\/\/lnu.se\/mot-linneuniversitetet\/Lediga-jobb\/?rmpage=job&amp;rmjob=7763&amp;rmlang=SE\">Universitetsadjunkt i matematikdidaktik (2st) vid Linn\u00e9universitetet. Ans\u00f6kan ska vara inl\u00e4mnad senast 2024-02-14<\/a><\/li>\n<li><a href=\"https:\/\/lnu.se\/mot-linneuniversitetet\/Lediga-jobb\/?rmpage=job&amp;rmjob=7767&amp;rmlang=SE\">Universitetslektor i matematikdidaktik vid Linn\u00e9universitetet. Ans\u00f6kan ska vara inl\u00e4mnad senast 2024-02-14<\/a><\/li>\n<li><a href=\"https:\/\/web103.reachmee.com\/ext\/I005\/1035\/job?site=6&amp;lang=SE&amp;validator=3038fcf1516ea1184a6da70a891f87da&amp;job_id=31715\">Doktorand i pedagogiskt arbete eller \u00e4mnesdidaktik vid G\u00f6teborgs universitet. Ans\u00f6kan ska vara inl\u00e4mnad senast 2024-01-31<\/a><\/li>\n<li><a href=\"https:\/\/www.su.se\/om-universitetet\/jobba-p%C3%A5-su\/lediga-jobb?rmpage=job&amp;rmjob=22433&amp;rmlang=SE\">Universitetslektor i matematikdidaktik vid Stockholm universitet. Ans\u00f6kan ska vara inl\u00e4mnad senast 2024-01-29<\/a><\/li>\n<li><a href=\"https:\/\/kau.varbi.com\/se\/what:job\/jobID:682175\/iframeEmbedded:0\/where:4\">Postdoktorer i matematikens didaktik vid Karlstads universitet. Ans\u00f6kan ska vara inl\u00e4mnad senast 2024-01-07<\/a><\/li>\n<li><a href=\"https:\/\/web103.reachmee.com\/ext\/I005\/1015\/job?site=6&amp;lang=SE&amp;validator=df9f5539db53eab37b3e3087d2a2669b&amp;job_id=3103\">Universitetslektor i matematikens didaktik vid Malm\u00f6 universitet. Ans\u00f6kan ska vara inl\u00e4mnad senast 2023-10-22<\/a><\/li>\n<li><a href=\"https:\/\/web103.reachmee.com\/ext\/I005\/1015\/job?site=6&amp;lang=SE&amp;validator=df9f5539db53eab37b3e3087d2a2669b&amp;job_id=3105\">Postdoktor med inriktning skoln\u00e4ra forskning vid Malm\u00f6 universitet. Ans\u00f6kan ska vara inl\u00e4mnad senast 2023-10-15<\/a><\/li>\n<li><a href=\"https:\/\/kau.varbi.com\/se\/what:job\/jobID:627305\/iframeEmbedded:0\/where:4\">Universitetslektorer i matematikens didaktik vid Karlstads universitet. Ans\u00f6kan ska vara inl\u00e4mnad senast 2023-10-01<\/a><\/li>\n<li><a href=\"https:\/\/liu.se\/jobba-pa-liu\/lediga-jobb\/22595\">Doktorand i matematikdidaktik vid Link\u00f6pings universitet. Ans\u00f6kan ska vara inl\u00e4mnad senast 2023-09-25<\/a><\/li>\n<li><a href=\"https:\/\/www.miun.se\/jobba-hos-oss\/ledigajobb\/jobb\/ledigajobb\/-doktorand-i-matematikdidaktik\/\">Doktorand i matematikdidaktik vid Mittuniversitetet. Ans\u00f6kan ska vara inl\u00e4mnad senast 2023-08-31<\/a><\/li>\n<li><a href=\"https:\/\/web103.reachmee.com\/ext\/I005\/1035\/job?site=6&amp;lang=SE&amp;validator=3038fcf1516ea1184a6da70a891f87da&amp;job_id=30956\">Bitr\u00e4dande lektor i \u00e4mnesdidaktik med inriktning mot matematik vid G\u00f6teborgs universitet. Ans\u00f6kan ska vara inl\u00e4mnad senast 2023-08-21<\/a><\/li>\n<li><a href=\"https:\/\/lu.varbi.com\/se\/what:job\/jobID:583529\/\">Professor i matematikdidaktik vid Lunds universitet. Ans\u00f6kan ska vara inl\u00e4mnad senast 2023-04-11<\/a><\/li>\n<li><a href=\"https:\/\/web103.reachmee.com\/ext\/I005\/1035\/job?site=6&amp;lang=SE&amp;validator=3038fcf1516ea1184a6da70a891f87da&amp;job_id=29382\">Doktorand i \u00e4mnesdidaktik med inriktning mot matematik vid G\u00f6teborgs universitet. Ans\u00f6kan ska vara inl\u00e4mnad senast 2023-04-03<\/a><\/li>\n<li><a href=\"https:\/\/web103.reachmee.com\/ext\/I005\/1035\/job?site=6&amp;lang=SE&amp;validator=3038fcf1516ea1184a6da70a891f87da&amp;job_id=29521\">G\u00e4stprofessor med s\u00e4rskilt uppdrag som vetenskaplig ledare f\u00f6r CULF vid G\u00f6teborgs universitet. Ans\u00f6kan ska vara inl\u00e4mnad senast 2023-04-05<\/a><\/li>\n<li><a href=\"https:\/\/www.miun.se\/jobba-hos-oss\/ledigajobb\/jobb\/ledigajobb\/postdoktor-i-matematikdidaktik\/\">Postdoktor i matematikdidaktik vid Mittuniversitetet. Ans\u00f6kan ska vara inl\u00e4mnad senast 2023-04-13<\/a><\/li>\n<li><a href=\"https:\/\/web103.reachmee.com\/ext\/I005\/1035\/job?site=6&amp;lang=SE&amp;validator=3038fcf1516ea1184a6da70a891f87da&amp;job_id=29028\">Universitetslektor i \u00e4mnesdidaktik med inriktning mot matematik vid G\u00f6teborgs universitet. Ans\u00f6kan ska vara inl\u00e4mnad senast 2023-03-28<\/a><\/li>\n<li><a href=\"https:\/\/ju.varbi.com\/se\/what:job\/jobID:518119\/where:4\/\">Universitetslektor i matematik med didaktisk inriktning vid J\u00f6nk\u00f6ping University. Ans\u00f6kan ska vara inl\u00e4mnad senast 2022-01-15<\/a><\/li>\n<li><a href=\"https:\/\/www.jobbnorge.no\/en\/available-jobs\/job\/234143\/phd-candidate-in-didactics-of-mathematics\">Doktorand i matematikdidaktik vid Norges teknisk-naturvitenskapelige universitet. Ans\u00f6kan ska vara inl\u00e4mnad senast 2022-11-14<\/a><\/li>\n<li><a href=\"https:\/\/kau.varbi.com\/se\/what:job\/jobID:545816\/type:job\/where:3\/apply:1?token=5cf38f726728bbef2b2145df20530e56\">Universitetslektor i matematikens didaktik vid Karlstad universitet. Ans\u00f6kan ska vara inl\u00e4mnad senast 2022-10-25<\/a><\/li>\n<li><a style=\"color: #ea9629; text-decoration-line: underline; outline: 0px;\" href=\"https:\/\/abo.rekrytointi.com\/paikat\/index.php?jid=538&amp;key=&amp;o=A_RJ&amp;rspvt=feyyltmyk7k8cc0w0gs8gkk808og0s\">Forskardoktor\/bitr\u00e4dande professor\/professor i de matematiska \u00e4mnenas didaktik vid \u00c5bo Akademi. Ans\u00f6kan ska vara inl\u00e4mnad senast 2022-05-20<\/a><\/li>\n<li><a href=\"https:\/\/abo.rekrytointi.com\/paikat\/index.php?jid=461&amp;key=&amp;o=A_RJ&amp;rspvt=98khz8am9y4goo84ks8gocw4g40804\">Professorstj\u00e4nst i matematikdidaktik vid \u00c5bo Akademi. Ans\u00f6kan ska vara inl\u00e4mnad senast 2021-11-30<\/a><\/li>\n<li><a href=\"https:\/\/www.su.se\/om-universitetet\/jobba-p\u00e5-su\/lediga-jobb\/doktorandplatser-1.507590?rmpage=job&amp;rmjob=15548&amp;rmlang=SE\">Tv\u00e5 doktorandtj\u00e4nster i matematik\u00e4mnets didaktik vid Stockholm universitet. Ans\u00f6kan ska vara inl\u00e4mnad senast 2021-10-01<\/a><\/li>\n<li><a href=\"https:\/\/www.su.se\/english\/about-the-university\/work-at-su\/available-jobs\/phd-student-positions-1.507588?rmpage=job&amp;rmjob=15551&amp;rmlang=UK\">Tre doktorandtj\u00e4nster i matematik\u00e4mnets didaktik vid Stockholm universitet. Ans\u00f6kan ska vara inl\u00e4mnad senast 2021-10-01<\/a><\/li>\n<li><a href=\"https:\/\/www.su.se\/english\/about-the-university\/work-at-su\/available-jobs\/phd-student-positions-1.507588?rmpage=job&amp;rmjob=15485&amp;rmlang=UK\">Tv\u00e5 doktorandtj\u00e4nster i matematik\u00e4mnets didaktik vid Stockholm universitet. Ans\u00f6kan ska vara inl\u00e4mnad senast 2021-09-30<\/a><\/li>\n<li><a href=\"https:\/\/web103.reachmee.com\/ext\/I005\/1015\/job?site=6&amp;lang=SE&amp;validator=df9f5539db53eab37b3e3087d2a2669b&amp;job_id=1984\">Tre doktorandtj\u00e4nster i matematikens och naturvetenskapens didaktik vid Malm\u00f6 universitet. Ans\u00f6kan ska vara inl\u00e4mnad senast 2021-09-30<\/a><\/li>\n<li><a href=\"https:\/\/www.su.se\/om-universitetet\/jobba-p\u00e5-su\/lediga-jobb?rmpage=job&amp;rmjob=14771&amp;rmlang=SE\">Universitetslektor i matematik\u00e4mnets didaktik vid Stockholm universitet. Ans\u00f6kan ska vara inl\u00e4mnad senast 2021-05-24<\/a><\/li>\n<li><a href=\"https:\/\/www.edu.uu.se\/institutionen\/jobba-hos-oss\/?positionId=384677\" target=\"_blank\" rel=\"noopener\">Universitetslektor i didaktik med inriktning mot matematik vid Uppsala universitet. Ans\u00f6kan ska vara inl\u00e4mnad senast 2021-04-01.\u00a0<\/a><\/li>\n<li><a href=\"https:\/\/kau.varbi.com\/se\/what:job\/jobID:352143\/iframeEmbedded:0\/where:4\">Universitetslektor i matematikens didaktik vid Karlstads universitet. Ans\u00f6kan ska vara inl\u00e4mnad senast 2020-11-01.\u00a0<\/a><\/li>\n<li><a href=\"https:\/\/kau.varbi.com\/se\/what:job\/jobID:352142\/iframeEmbedded:0\/where:4\">Universitetsadjunkt i matematikens didaktik vid Karlstads universitet. Ans\u00f6kan ska vara inl\u00e4mnad senast 2020-10-14.<\/a><\/li>\n<li><a href=\"https:\/\/www.gu.se\/omuniversitetet\/aktuellt\/lediga-jobb\/Lediga_anstallningar-detaljsida\/?id=5844\">Professor i \u00e4mnesdidaktik med inriktning mot matematik vid G\u00f6teborgs universitet.<\/a> \/<a href=\"https:\/\/www.gu.se\/english\/about_the_university\/job-opportunities\/vacancies-details\/?id=5844\">Professor in Mathematics Education at the University of Gothenburg. Ans\u00f6kan ska vara inl\u00e4mnad senast 2020-06-15<\/a><\/li>\n<li><a href=\"https:\/\/www.su.se\/om-oss\/jobba-p%C3%A5-su\/doktorandplatser?rmpage=job&amp;rmjob=11208&amp;rmlang=SE\">Doktorand i matematik\u00e4mnets didaktik i forskarskolan Kunskapsm\u00e4tningar inom utbildningssystem. Ans\u00f6kan ska vara inl\u00e4mnad senast 2020-03-09.<\/a><\/li>\n<li><a href=\"https:\/\/www.su.se\/om-oss\/jobba-p%C3%A5-su\/lediga-jobb?rmpage=job&amp;rmjob=11432&amp;rmlang=SE\">Tre doktorander i matematik\u00e4mnets och naturvetenskap\u00e4mnenas didaktik knutna till Relevancing Mathematics and Science educatio (ReIMaS), vid Stockholms universitet. Ans\u00f6kan ska vara inl\u00e4mnad senast 2020-02-28.\u00a0<\/a><\/li>\n<li><a href=\"http:\/\/web103.reachmee.com\/ext\/I005\/1015\/job?site=6&amp;lang=SE&amp;validator=df9f5539db53eab37b3e3087d2a2669b&amp;job_id=1257\">Tre doktorander i naturvetenskapernas och matematikens didaktik knutna till forskarskolan RelMaS, vid Malm\u00f6 universitet. Ans\u00f6kan ska vara inl\u00e4mnad senast 2020-02-28.<\/a><\/li>\n<li><a href=\"https:\/\/edu.uu.se\/institutionen\/jobba-hos-oss\/?positionId=311856\">Tre doktorandplatser i didaktik inriktade mot matematiken och\/eller naturvetenskapen inom forskarskolan RelMaS, vid Uppsala universitet. Ans\u00f6kan ska vara inl\u00e4mnad senast 2020-02-28.<\/a><\/li>\n<li><a href=\"http:\/\/web103.reachmee.com\/ext\/I005\/1015\/job?site=6&amp;lang=SE&amp;validator=df9f5539db53eab37b3e3087d2a2669b&amp;job_id=p863\">Bitr\u00e4dande universitetslektor i matematikdidaktik med inriktning h\u00f6gstadiet\/gymnasieskolan, Malm\u00f6 universitet, <\/a><a href=\"http:\/\/web103.reachmee.com\/ext\/I005\/1015\/job?site=6&amp;lang=SE&amp;validator=df9f5539db53eab37b3e3087d2a2669b&amp;job_id=p863\">Ans\u00f6kan ska vara inl\u00e4mnad senast 2019-06-03<\/a><\/li>\n<li><a href=\"http:\/\/web103.reachmee.com\/ext\/I005\/1015\/job?site=6&amp;lang=SE&amp;validator=df9f5539db53eab37b3e3087d2a2669b&amp;job_id=p891\">Bitr\u00e4dande universitetslektor i utbildningsvetenskap\/pedagogik med inriktning skolutveckling inom naturvetenskapernas eller matematikens didaktik, Malm\u00f6 universitet, <\/a><a href=\"http:\/\/web103.reachmee.com\/ext\/I005\/1015\/job?site=6&amp;lang=SE&amp;validator=df9f5539db53eab37b3e3087d2a2669b&amp;job_id=p863\">Ans\u00f6kan ska vara inl\u00e4mnad senast 2019-06-03<\/a><\/li>\n<\/ul>\n<p>&nbsp;<\/p>\n<p>&nbsp;<\/p>\n","protected":false},"excerpt":{"rendered":"<p>H\u00e4r hittar ni matematikdidaktikrelaterade tj\u00e4nster som utlysts vid olika h\u00f6gskolor och universitet. SMDF s\u00f6ker inte upp lediga tj\u00e4nster. De h\u00f6gskolor och universitet som via denna sida vill sprida information om lediga tj\u00e4nster ombeds kontakta SMDFs webbansvarig. Aktuella utlysningar: \u00d6rebro universitet utlyser sex doktorandtj\u00e4nster i forskarskolan Utbildningsvetenskap med inriktning mot didaktik. Sista ans\u00f6kningsdag 2026-04-27. \u00c5bo Akademi &hellip; <a href=\"http:\/\/matematikdidaktik.org\/index.php\/lediga-tjanster\/\" class=\"more-link\">Forts\u00e4tt l\u00e4sa <span class=\"screen-reader-text\">Lediga tj\u00e4nster<\/span> <span class=\"meta-nav\">&rarr;<\/span><\/a><\/p>\n","protected":false},"author":3,"featured_media":0,"parent":0,"menu_order":0,"comment_status":"closed","ping_status":"closed","template":"","meta":{"footnotes":""},"class_list":["post-701","page","type-page","status-publish","hentry"],"_links":{"self":[{"href":"http:\/\/matematikdidaktik.org\/index.php\/wp-json\/wp\/v2\/pages\/701","targetHints":{"allow":["GET"]}}],"collection":[{"href":"http:\/\/matematikdidaktik.org\/index.php\/wp-json\/wp\/v2\/pages"}],"about":[{"href":"http:\/\/matematikdidaktik.org\/index.php\/wp-json\/wp\/v2\/types\/page"}],"author":[{"embeddable":true,"href":"http:\/\/matematikdidaktik.org\/index.php\/wp-json\/wp\/v2\/users\/3"}],"replies":[{"embeddable":true,"href":"http:\/\/matematikdidaktik.org\/index.php\/wp-json\/wp\/v2\/comments?post=701"}],"version-history":[{"count":6,"href":"http:\/\/matematikdidaktik.org\/index.php\/wp-json\/wp\/v2\/pages\/701\/revisions"}],"predecessor-version":[{"id":2576,"href":"http:\/\/matematikdidaktik.org\/index.php\/wp-json\/wp\/v2\/pages\/701\/revisions\/2576"}],"wp:attachment":[{"href":"http:\/\/matematikdidaktik.org\/index.php\/wp-json\/wp\/v2\/media?parent=701"}],"curies":[{"name":"wp","href":"https:\/\/api.w.org\/{rel}","templated":true}]}}