{"id":655,"date":"2019-03-22T17:21:25","date_gmt":"2019-03-22T16:21:25","guid":{"rendered":"http:\/\/matematikdidaktik.org\/?page_id=655"},"modified":"2025-03-21T23:31:56","modified_gmt":"2025-03-21T22:31:56","slug":"madifs-skriftserie","status":"publish","type":"page","link":"http:\/\/matematikdidaktik.org\/index.php\/madifs-skriftserie\/","title":{"rendered":"SMDFs skriftserie"},"content":{"rendered":"<p>Nedan finner du de publikationer som ing\u00e5r i SMDFs skriftserie. H\u00e4r finner du bland annat konferensdokumentationerna fr\u00e5n SMDFs Matematikdidaktiska forskningsseminarium, MADIF.<\/p>\n<p>Nr 1: Bergsten, C., Dahland, G. &amp; Grevholm, B. (Eds) (2002). <em>Action and Research in the Mathematics Classroom.<\/em><em> Proceedings of MADIF2, The 2nd Swedish Mathematics Education Research seminar, G\u00f6teborg, January 26-27, 2000.<\/em> Link\u00f6ping: SMDF. <span lang=\"EN-US\">(Elektronisk version hittar du <a href=\"http:\/\/matematikdidaktik.org\/wp-content\/uploads\/2021\/07\/MADIF2.pdf\">h\u00e4r.<\/a>)<\/span><\/p>\n<p>Nr 2: Bergsten, C. &amp; Grevholm, B. (Eds) (2003). <em>Challenges in Mathematics Education.<\/em><em> Proceedings of MADIF3,<\/em> <em>The 3rd Swedish Mathematics Education Research Seminar, Norrk\u00f6ping, January 23-25, 2002.<\/em> Link\u00f6ping: SMDF. <span lang=\"EN-US\">(Elektronisk version hittar du <a href=\"http:\/\/matematikdidaktik.org\/wp-content\/uploads\/2021\/07\/MADIF3.pdf\">h\u00e4r.<\/a>)<\/span><\/p>\n<p>Nr 3: Bergsten, C. &amp; Grevholm, B. (Eds) (2004). <em>Mathematics and Language.<\/em><em> Proceedings of MADIF4<\/em> <em>The 4th Swedish Mathematics Education Research Seminar, Malm\u00f6, January 21-22, 2004.<\/em> Link\u00f6ping: SMDF. <span lang=\"EN-US\">(Elektronisk version hittar du <a href=\"http:\/\/matematikdidaktik.org\/wp-content\/uploads\/2021\/07\/03_MADIF4.pdf\">h\u00e4r.<\/a>)<\/span><\/p>\n<p>Nr 4: Bergsten, C.&amp; Grevholm, B. (Eds) (2005). <em>Conceptions of mathematics.<\/em><em> Proceedings of NORMA 01,<\/em> <em>The 3rd Nordic Conference on Mathematics Education, Kristianstad, June 8-12, 2001.<\/em> Link\u00f6ping: SMDF. <span lang=\"EN-US\">(Elektronisk version hittar du <a href=\"http:\/\/matematikdidaktik.org\/wp-content\/uploads\/2024\/12\/04_NORMA_01-2.pdf\">h\u00e4r<\/a>.)<\/span><\/p>\n<p>Nr 5: Bergsten, C. &amp; Grevholm, B. (Eds) (2007). <em>Developing and researching quality in mathematics teaching and learning.<\/em><em> Proceedings of MADIF5, The 5th Swedish Mathematics Education Research Seminar, Malm\u00f6, January 24-25, 2006.<\/em> Link\u00f6ping: SMDF. Link\u00f6ping: SMDF. <span lang=\"EN-US\">(Elektronisk version hittar du <a href=\"http:\/\/matematikdidaktik.org\/wp-content\/uploads\/2021\/07\/05_MADIF5.pdf\">h\u00e4r.<\/a>)<\/span><\/p>\n<p>Nr 6: Bergsten, C. &amp; Grevholm, B., &amp; Lingefj\u00e4rd , T. (Eds) (2009). <em>Perspectives on mathematical knowledge.<\/em><em> Proceedings of MADIF6, The 6th Swedish Mathematics Education Research Seminar, Stockholm, January 29-30, 2008.<\/em> Link\u00f6ping: SMDF. Link\u00f6ping: SMDF.<span lang=\"EN-US\">(Elektronisk version hittar du <a href=\"http:\/\/matematikdidaktik.org\/wp-content\/uploads\/2021\/07\/MADIF6.pdf\">h\u00e4r.<\/a>)<\/span><\/p>\n<p>Nr 7: Bergsten, C. &amp; Jablonka, E., &amp; Wedege, T. (Eds) (2010). <em>Mathematics and mathematics education: Cultural and social dimensions. Proceedings of MADIF7, The Seventh Mathematics Education Research Seminar, Stockholm, January 26-27, 2010. <\/em>Link\u00f6ping: SMDF. <span lang=\"EN-US\">(Elektronisk version hittar du <a href=\"http:\/\/matematikdidaktik.org\/wp-content\/uploads\/2021\/07\/MADIF7.pdf\">h\u00e4r.<\/a>)<\/span><\/p>\n<p>Nr 8: Anthony, G., &amp; Grevholm, G. (Eds) (2010). <em>Teachers of mathematics: Recruitment and retention, professional development and identity.<\/em> Link\u00f6ping: SMDF. <span lang=\"EN-US\">(Elektronisk version hittar du <a href=\"http:\/\/matematikdidaktik.org\/wp-content\/uploads\/2022\/10\/08_TeachersofMathematics_2010.pdf\">h\u00e4r.<\/a>)<\/span><\/p>\n<p>Nr 9: Bergsten, C., Jablonka, E., &amp; Raman, M. (Eds) (2012). <em>Evaluation and comparison of mathematical achievement: Dimensions and perspectives. Proceedings of MADIF8, The Eighth Swedish Mathematics Education Research Seminar, Ume\u00e5, January 24-25, 2012.<\/em> Link\u00f6ping: SMDF. <span lang=\"EN-US\">(Elektronisk version hittar du <a href=\"http:\/\/matematikdidaktik.org\/wp-content\/uploads\/2021\/07\/MADIF8.pdf\">h\u00e4r.<\/a>)<\/span><\/p>\n<p>Nr 10: Helenius, O., Engstr\u00f6m, A., Meaney, T., Nilsson, P., Nor\u00e9n, E., Sayers, J. &amp; \u00d6sterholm, M. (Eds.) (2014) <em>Development of mathematics teaching : design, scale, effects : proceedings of MADIF 9 : the ninth Swedish mathematics education research seminar<\/em>, Ume\u00e5, February 4-5, 2014. Link\u00f6ping: SMDF. (Elektronisk version hittar du <a href=\"http:\/\/ncm.gu.se\/media\/smdf\/Published\/No10_Madif9\/\">h\u00e4r<\/a>.)<\/p>\n<p>Nr 11: H\u00e4ggstr\u00f6m, J., Nor\u00e9n, E., von Bommel, J., Sayers, J., Helenius, O. &amp; Liljekvist, Y. (Eds.) (2017).<em> ICT in mathematics education: the future and the realities. Proceedings of MADIF10: the tenth research seminar of the Swedish Society for Research in Mathematics Education<\/em>, <em>Karlstad, January 26\u201327, 2016.<\/em> SMDF (Elektronisk version hittar du <a href=\"http:\/\/ncm.gu.se\/media\/smdf\/Published\/No11_Madif10\/\">h\u00e4r<\/a>.)<\/p>\n<p>Nr 12: Nor\u00e9n, E., Palm\u00e9r, H. &amp; Cooke, A. (Eds.) (2017). <em>Nordic Research in Mathematics Education. Paper of NORMA 17. The Eighth Nordic Conference on Mathematics Education<\/em>, Stockholm, <em>May 30-June 2, 2017.<\/em> G\u00f6teborg: SMDF. (Elektronisk version hittar du <a href=\"http:\/\/matematikdidaktik.org\/wp-content\/uploads\/2019\/05\/NORMA-17-2018-papers-SMDF-skriftserie-f.pdf\">h\u00e4r<\/a>.)<\/p>\n<p>Nr 13: H\u00e4ggstr\u00f6m, J.,\u00a0Liljekvist, Y., Bergman \u00c4rleb\u00e4ck, J., Fahlgren, M. &amp; Olande, O.\u00a0(Eds.) (2018).\u00a0<em>Perspectives on professional development of mathematics teachers. Proceedings of MADIF11: the eleventh research seminar of the Swedish Society for Research in Mathematics Education, Karlstad, January 23\u201324, 2018<\/em>. SMDF. (Elektronisk version hittar du <a href=\"http:\/\/matematikdidaktik.org\/wp-content\/uploads\/2019\/01\/Madif11_webb-002.pdf\">h\u00e4r<\/a>.)<\/p>\n<p>Nr 14: Nortvedt, G. A., Buchholtz, N. F., Fauskanger, J., Hreinsdo\u0301ttir, F., Ha\u0308hkio\u0308niemi, M., Jessen, B. E., Kurvits, J., Liljekvist, Y., Misfeldt, M., Naalsund, M., Nilsen, H. K., Pa\u0301lsdo\u0301ttir, G., Portaankorva-Koivisto, P., Radis\u030cic\u0301, J., &amp; Wernberg, A. \u00a0<span lang=\"EN-US\">(Eds.). (2021).<span class=\"apple-converted-space\">\u00a0<\/span><\/span><i><span lang=\"EN-US\">Bringing Nordic mathematics education into the future. Preceedings of Norma 20. The ninth Nordic Conference on Mathematics Education, Oslo, 2021<\/span><\/i><span lang=\"EN-US\">. SMDF. (Elektronisk version hittar du <a href=\"http:\/\/matematikdidaktik.org\/wp-content\/uploads\/2021\/04\/NORMA_20_preceedings.pdf\">h\u00e4r<\/a><\/span><span lang=\"EN-US\">.)<\/span><\/p>\n<p>Nr 15: Liljekvist, Y., Bj\u00f6rklund Boistrup, L., H\u00e4ggstr\u00f6m, J., Mattsson, L., Olande, O., &amp; Palm\u00e9r, H. (Eds.). (2021). <i><span lang=\"EN-US\">Sustainable mathematics education in a digitalized world. Proceedings of MADIF12. T<\/span><\/i><em><span lang=\"EN-US\">he twelfth research seminar of the Swedish Society for Research in Mathematics Education, V\u00e4xj\u00f6,\u00a0 2020<\/span><\/em><span lang=\"EN-US\">. SMDF. (Elektronisk version hittar du <a href=\"http:\/\/matematikdidaktik.org\/wp-content\/uploads\/2021\/03\/MADIF12_dokumentation.pdf\" target=\"_blank\" rel=\"noopener\">h\u00e4r<\/a>.)<\/span><\/p>\n<p>Nr 16: Mattsson, L., Ha\u0308ggstro\u0308m, J., Carlsen, M., Kilhamn, C., Palme\u0301r, H., Perez, M. &amp; Pettersson. <span lang=\"EN-US\">K. (Eds.) (2022). <\/span><i><span lang=\"EN-US\">The relation between mathematics education research and teachers\u2019 professional development. Proceedings of MADIF13. The thirteenth research seminar of the Swedish Society for Research in Mathematics Education, Va\u0308xjo\u0308, 2022<\/span><\/i><span lang=\"EN-US\">. <\/span>SMDF. <span lang=\"EN-US\">(Elektronisk version hittar du <a href=\"http:\/\/matematikdidaktik.org\/wp-content\/uploads\/2022\/07\/MADIF13_final.pdf\">h\u00e4r<\/a>.)<\/span><\/p>\n<p>Nr 17: Nortvedt, G. A., Buchholtz, N. F., Fauskanger, J., Ha\u0308hkio\u0308niemi, M., Jessen, B. E., Naalsund, M., Nilsen, H. K., Pa\u0301lsdo\u0301ttir, G., Portaankorva-Koivisto, P., Radis\u030cic\u0301, J., Sigurj\u00f3nsson, J. \u00d6., Viirman, O. &amp; Wernberg, A. \u00a0<span lang=\"EN-US\">(Eds.). (2022).<span class=\"apple-converted-space\">\u00a0<\/span><i>Bringing Nordic mathematics education into the future. Proceedings of Norma 20. The ninth Nordic Conference on Mathematics Education, Oslo, 2021<\/i>. SMDF. (Elektronisk version hittar du <a href=\"http:\/\/matematikdidaktik.org\/wp-content\/uploads\/1672\/22\/17_NORMA_20_proceedings.pdf\">h\u00e4r<\/a>.)<\/span><\/p>\n<p class=\"p1\">Nr 18: H\u00e4ggstr\u00f6m, J., Kilhamn, C., Mattsson, L., Palm\u00e9r, H., Perez, M., Pettersson, K., R\u00f6j-Lindberg, A.-S. &amp; Teledahl, A. (Eds.) (2024), <em>Mediating mathematics.<\/em> <em>Proceedings of MADIF14. <i><span lang=\"EN-US\">The fourteenth research seminar of the Swedish Society for Research in Mathematics Education, \u00d6rebro, March <\/span><\/i>19\u201320,<\/em> <em><i><span lang=\"EN-US\">2024<\/span><\/i><span lang=\"EN-US\">. <\/span><\/em>SMDF. <span lang=\"EN-US\">(Elektronisk version hittar du <a href=\"http:\/\/matematikdidaktik.org\/wp-content\/uploads\/2024\/10\/18_MADIF14.pdf\">h\u00e4r<\/a>.)<\/span><\/p>\n<p>Nr 19: Skott, C.K., Blomh\u00f8j, M., Eckert, A., Elicer, R., Herheim, R., Kristinsd\u00f3ttir, B., Larsen, D.M., Nortvedt, G.A., Nystr\u00f6m, P., Sigurj\u00f3nsson, J.\u00d6., Tamborg, A. L. (Eds.) (2025), <i>Interplay between research and teaching <\/i><i>practice in mathematics education<\/i><em>. <\/em><i>Proceedings of NORMA24. <\/i><em>The tenth Nordic Conference on Mathematics Education, Copenhagen, 2024<span lang=\"EN-US\">. <\/span><\/em>SMDF. <span lang=\"EN-US\">(Elektronisk version hittar du <a href=\"http:\/\/matematikdidaktik.org\/wp-content\/uploads\/2025\/03\/NORMA24-proceedings.pdf\">h\u00e4r<\/a>.)<\/span><\/p>\n","protected":false},"excerpt":{"rendered":"<p>Nedan finner du de publikationer som ing\u00e5r i SMDFs skriftserie. H\u00e4r finner du bland annat konferensdokumentationerna fr\u00e5n SMDFs Matematikdidaktiska forskningsseminarium, MADIF. Nr 1: Bergsten, C., Dahland, G. &amp; Grevholm, B. (Eds) (2002). Action and Research in the Mathematics Classroom. Proceedings of MADIF2, The 2nd Swedish Mathematics Education Research seminar, G\u00f6teborg, January 26-27, 2000. Link\u00f6ping: SMDF. &hellip; <a href=\"http:\/\/matematikdidaktik.org\/index.php\/madifs-skriftserie\/\" class=\"more-link\">Forts\u00e4tt l\u00e4sa <span class=\"screen-reader-text\">SMDFs skriftserie<\/span> <span class=\"meta-nav\">&rarr;<\/span><\/a><\/p>\n","protected":false},"author":3,"featured_media":0,"parent":0,"menu_order":0,"comment_status":"closed","ping_status":"closed","template":"","meta":{"footnotes":""},"class_list":["post-655","page","type-page","status-publish","hentry"],"_links":{"self":[{"href":"http:\/\/matematikdidaktik.org\/index.php\/wp-json\/wp\/v2\/pages\/655","targetHints":{"allow":["GET"]}}],"collection":[{"href":"http:\/\/matematikdidaktik.org\/index.php\/wp-json\/wp\/v2\/pages"}],"about":[{"href":"http:\/\/matematikdidaktik.org\/index.php\/wp-json\/wp\/v2\/types\/page"}],"author":[{"embeddable":true,"href":"http:\/\/matematikdidaktik.org\/index.php\/wp-json\/wp\/v2\/users\/3"}],"replies":[{"embeddable":true,"href":"http:\/\/matematikdidaktik.org\/index.php\/wp-json\/wp\/v2\/comments?post=655"}],"version-history":[{"count":4,"href":"http:\/\/matematikdidaktik.org\/index.php\/wp-json\/wp\/v2\/pages\/655\/revisions"}],"predecessor-version":[{"id":2207,"href":"http:\/\/matematikdidaktik.org\/index.php\/wp-json\/wp\/v2\/pages\/655\/revisions\/2207"}],"wp:attachment":[{"href":"http:\/\/matematikdidaktik.org\/index.php\/wp-json\/wp\/v2\/media?parent=655"}],"curies":[{"name":"wp","href":"https:\/\/api.w.org\/{rel}","templated":true}]}}