{"id":539,"date":"2018-10-16T22:09:53","date_gmt":"2018-10-16T20:09:53","guid":{"rendered":"http:\/\/matematikdidaktik.org\/?page_id=539"},"modified":"2018-10-16T22:20:47","modified_gmt":"2018-10-16T20:20:47","slug":"arsmote-2018","status":"publish","type":"page","link":"http:\/\/matematikdidaktik.org\/index.php\/arsmote-2018\/","title":{"rendered":"\u00c5rsm\u00f6te 2018"},"content":{"rendered":"<p class=\"x_MsoNormal\"><span lang=\"SV\">SMDF\u00a0h\u00f6ll \u00e5rsm\u00f6te 2018-01-24 p\u00e5\u00a0Karlstads Universitet<\/span><\/p>\n<p class=\"x_MsoNormal\"><span lang=\"SV\">Lokal: Gejersalen 12A 138<\/span><\/p>\n<ul>\n<li><a href=\"http:\/\/matematikdidaktik.org\/wp-content\/uploads\/2018\/01\/2017SMDFVerksamhetsberattelse.pdf\">Verksamhetsber\u00e4ttelse f\u00f6r 2017<\/a><\/li>\n<li><a href=\"http:\/\/matematikdidaktik.org\/wp-content\/uploads\/2018\/01\/2018SMDFVerksamhetsplan.pdf\">Verksamhetsplan f\u00f6r 2018<\/a><\/li>\n<li class=\"x_MsoNormal\"><a href=\"http:\/\/matematikdidaktik.org\/wp-content\/uploads\/2018\/10\/A\u030arsmo\u0308te-2018-justerat.pdf\">Protokoll\u00a0 f\u00f6r \u00e5rsm\u00f6te 2018<\/a><\/li>\n<\/ul>\n<p class=\"x_MsoNormal\">Efter \u00a0\u00e5rsm\u00f6tet h\u00f6lls ett konstituerande m\u00f6te.<\/p>\n<ul>\n<li class=\"x_MsoNormal\"><a href=\"http:\/\/matematikdidaktik.org\/wp-content\/uploads\/2018\/10\/konstituerande-mo\u0308te-2018-jsuterat.pdf\">Protokoll f\u00f6r konstituerande m\u00f6te 2018 <\/a><\/li>\n<\/ul>\n","protected":false},"excerpt":{"rendered":"<p>SMDF\u00a0h\u00f6ll \u00e5rsm\u00f6te 2018-01-24 p\u00e5\u00a0Karlstads Universitet Lokal: Gejersalen 12A 138 Verksamhetsber\u00e4ttelse f\u00f6r 2017 Verksamhetsplan f\u00f6r 2018 Protokoll\u00a0 f\u00f6r \u00e5rsm\u00f6te 2018 Efter \u00a0\u00e5rsm\u00f6tet h\u00f6lls ett konstituerande m\u00f6te. Protokoll f\u00f6r konstituerande m\u00f6te 2018<\/p>\n","protected":false},"author":3,"featured_media":0,"parent":0,"menu_order":0,"comment_status":"closed","ping_status":"closed","template":"","meta":{"footnotes":""},"class_list":["post-539","page","type-page","status-publish","hentry"],"_links":{"self":[{"href":"http:\/\/matematikdidaktik.org\/index.php\/wp-json\/wp\/v2\/pages\/539","targetHints":{"allow":["GET"]}}],"collection":[{"href":"http:\/\/matematikdidaktik.org\/index.php\/wp-json\/wp\/v2\/pages"}],"about":[{"href":"http:\/\/matematikdidaktik.org\/index.php\/wp-json\/wp\/v2\/types\/page"}],"author":[{"embeddable":true,"href":"http:\/\/matematikdidaktik.org\/index.php\/wp-json\/wp\/v2\/users\/3"}],"replies":[{"embeddable":true,"href":"http:\/\/matematikdidaktik.org\/index.php\/wp-json\/wp\/v2\/comments?post=539"}],"version-history":[{"count":8,"href":"http:\/\/matematikdidaktik.org\/index.php\/wp-json\/wp\/v2\/pages\/539\/revisions"}],"predecessor-version":[{"id":550,"href":"http:\/\/matematikdidaktik.org\/index.php\/wp-json\/wp\/v2\/pages\/539\/revisions\/550"}],"wp:attachment":[{"href":"http:\/\/matematikdidaktik.org\/index.php\/wp-json\/wp\/v2\/media?parent=539"}],"curies":[{"name":"wp","href":"https:\/\/api.w.org\/{rel}","templated":true}]}}