{"id":365,"date":"2017-06-01T09:18:45","date_gmt":"2017-06-01T07:18:45","guid":{"rendered":"http:\/\/matematikdidaktik.org\/?page_id=365"},"modified":"2017-06-01T11:29:32","modified_gmt":"2017-06-01T09:29:32","slug":"extrainsatt-arsmote-2017","status":"publish","type":"page","link":"http:\/\/matematikdidaktik.org\/index.php\/extrainsatt-arsmote-2017\/","title":{"rendered":"Extrainsatt \u00e5rsm\u00f6te 2017"},"content":{"rendered":"<p>Vid\u00a0ett extrainsatt\u00a0\u00e5rsm\u00f6te i maj 2017 fattades ett beslut om att \u00e4ndra rutinerna f\u00f6r betalning av medlemsavgiften. Det nya f\u00f6rslaget till \u00a75 i stadgarna lyder:<\/p>\n<p>&#8221;Medlemskap l\u00f6per 2-\u00e5rsvis fr\u00e5n 1 januari j\u00e4mna \u00e5r genom inbetalning av en av \u00e5rsm\u00f6tet fastst\u00e4lld medlemsavgift. Medlemsavgiften betalas i samband med anm\u00e4lan till MADIF alternativt inom en m\u00e5nad efter \u00e5rsm\u00f6tet. Medlemmar som efter skriftlig p\u00e5minnelse ej betalat medlemsavgiften anses ha uttr\u00e4tt ur f\u00f6reningen.&#8221; (se <a href=\"http:\/\/matematikdidaktik.org\/wp-content\/uploads\/2017\/06\/Extraa\u030arsmo\u0308te-SMDF-2017-1.pdf\">protokollet<\/a>)<\/p>\n<p>Beslutet tr\u00e4der\u00a0i kraft januari 2018.<\/p>\n<p>&nbsp;<\/p>\n","protected":false},"excerpt":{"rendered":"<p>Vid\u00a0ett extrainsatt\u00a0\u00e5rsm\u00f6te i maj 2017 fattades ett beslut om att \u00e4ndra rutinerna f\u00f6r betalning av medlemsavgiften. Det nya f\u00f6rslaget till \u00a75 i stadgarna lyder: &#8221;Medlemskap l\u00f6per 2-\u00e5rsvis fr\u00e5n 1 januari j\u00e4mna \u00e5r genom inbetalning av en av \u00e5rsm\u00f6tet fastst\u00e4lld medlemsavgift. Medlemsavgiften betalas i samband med anm\u00e4lan till MADIF alternativt inom en m\u00e5nad efter \u00e5rsm\u00f6tet. Medlemmar &hellip; <a href=\"http:\/\/matematikdidaktik.org\/index.php\/extrainsatt-arsmote-2017\/\" class=\"more-link\">Forts\u00e4tt l\u00e4sa <span class=\"screen-reader-text\">Extrainsatt \u00e5rsm\u00f6te 2017<\/span> <span class=\"meta-nav\">&rarr;<\/span><\/a><\/p>\n","protected":false},"author":3,"featured_media":0,"parent":0,"menu_order":0,"comment_status":"closed","ping_status":"closed","template":"","meta":{"footnotes":""},"class_list":["post-365","page","type-page","status-publish","hentry"],"_links":{"self":[{"href":"http:\/\/matematikdidaktik.org\/index.php\/wp-json\/wp\/v2\/pages\/365","targetHints":{"allow":["GET"]}}],"collection":[{"href":"http:\/\/matematikdidaktik.org\/index.php\/wp-json\/wp\/v2\/pages"}],"about":[{"href":"http:\/\/matematikdidaktik.org\/index.php\/wp-json\/wp\/v2\/types\/page"}],"author":[{"embeddable":true,"href":"http:\/\/matematikdidaktik.org\/index.php\/wp-json\/wp\/v2\/users\/3"}],"replies":[{"embeddable":true,"href":"http:\/\/matematikdidaktik.org\/index.php\/wp-json\/wp\/v2\/comments?post=365"}],"version-history":[{"count":3,"href":"http:\/\/matematikdidaktik.org\/index.php\/wp-json\/wp\/v2\/pages\/365\/revisions"}],"predecessor-version":[{"id":370,"href":"http:\/\/matematikdidaktik.org\/index.php\/wp-json\/wp\/v2\/pages\/365\/revisions\/370"}],"wp:attachment":[{"href":"http:\/\/matematikdidaktik.org\/index.php\/wp-json\/wp\/v2\/media?parent=365"}],"curies":[{"name":"wp","href":"https:\/\/api.w.org\/{rel}","templated":true}]}}