{"id":275,"date":"2017-02-25T13:58:16","date_gmt":"2017-02-25T12:58:16","guid":{"rendered":"http:\/\/matematikdidaktik.org\/?page_id=275"},"modified":"2017-03-27T09:21:04","modified_gmt":"2017-03-27T07:21:04","slug":"arsmote-2017","status":"publish","type":"page","link":"http:\/\/matematikdidaktik.org\/index.php\/arsmote-2017\/","title":{"rendered":"\u00c5rsm\u00f6te 2017"},"content":{"rendered":"<p class=\"x_MsoNormal\"><span lang=\"SV\">SMDF\u00a0h\u00f6ll \u00e5rsm\u00f6te 2017-03-24 p\u00e5 Stockholms Universitet<\/span><\/p>\n<p class=\"x_MsoNormal\"><span lang=\"SV\">Lokal: <\/span><span lang=\"SV\">Svend Pedersen-rummet<\/span><\/p>\n<ul>\n<li class=\"x_MsoNormal\"><a href=\"http:\/\/matematikdidaktik.org\/wp-content\/uploads\/2017\/02\/F\u00f6rslag-p\u00e5-\u00e4ndring-av-stadgar-FV.pdf\">F\u00f6rslag till justering av stagda \u00a75<\/a><\/li>\n<li class=\"x_MsoNormal\"><a href=\"http:\/\/matematikdidaktik.org\/wp-content\/uploads\/2017\/02\/Verksamhetsber\u00e4ttelse-f\u00f6r-\u00e5r-2016-FV.pdf\">Verksamhetsber\u00e4ttelse 2016 <\/a><\/li>\n<li class=\"x_MsoNormal\"><a href=\"http:\/\/matematikdidaktik.org\/wp-content\/uploads\/2017\/02\/Verksamhetsplan2017-FV.pdf\">Verksamhetsplan 2017 <\/a><\/li>\n<li class=\"x_MsoNormal\"><a href=\"http:\/\/matematikdidaktik.org\/wp-content\/uploads\/2017\/02\/SMDF-protokoll-a\u030arsmo\u0308te-2017.pdf\">Protokoll fr\u00e5n a\u030arsmo\u0308te 2017<\/a><\/li>\n<\/ul>\n<p class=\"x_MsoNormal\">Efter \u00a0\u00e5rsm\u00f6tet h\u00f6lls ett konstituerande m\u00f6te.<\/p>\n<ul>\n<li class=\"x_MsoNormal\"><a href=\"http:\/\/matematikdidaktik.org\/wp-content\/uploads\/2017\/02\/2017_SMDF_konstituerande-mo\u0308te.pdf\">Protokoll konstituerande mo\u0308te<\/a><\/li>\n<\/ul>\n","protected":false},"excerpt":{"rendered":"<p>SMDF\u00a0h\u00f6ll \u00e5rsm\u00f6te 2017-03-24 p\u00e5 Stockholms Universitet Lokal: Svend Pedersen-rummet F\u00f6rslag till justering av stagda \u00a75 Verksamhetsber\u00e4ttelse 2016 Verksamhetsplan 2017 Protokoll fr\u00e5n a\u030arsmo\u0308te 2017 Efter \u00a0\u00e5rsm\u00f6tet h\u00f6lls ett konstituerande m\u00f6te. Protokoll konstituerande mo\u0308te<\/p>\n","protected":false},"author":3,"featured_media":0,"parent":0,"menu_order":0,"comment_status":"closed","ping_status":"closed","template":"","meta":{"footnotes":""},"class_list":["post-275","page","type-page","status-publish","hentry"],"_links":{"self":[{"href":"http:\/\/matematikdidaktik.org\/index.php\/wp-json\/wp\/v2\/pages\/275","targetHints":{"allow":["GET"]}}],"collection":[{"href":"http:\/\/matematikdidaktik.org\/index.php\/wp-json\/wp\/v2\/pages"}],"about":[{"href":"http:\/\/matematikdidaktik.org\/index.php\/wp-json\/wp\/v2\/types\/page"}],"author":[{"embeddable":true,"href":"http:\/\/matematikdidaktik.org\/index.php\/wp-json\/wp\/v2\/users\/3"}],"replies":[{"embeddable":true,"href":"http:\/\/matematikdidaktik.org\/index.php\/wp-json\/wp\/v2\/comments?post=275"}],"version-history":[{"count":11,"href":"http:\/\/matematikdidaktik.org\/index.php\/wp-json\/wp\/v2\/pages\/275\/revisions"}],"predecessor-version":[{"id":315,"href":"http:\/\/matematikdidaktik.org\/index.php\/wp-json\/wp\/v2\/pages\/275\/revisions\/315"}],"wp:attachment":[{"href":"http:\/\/matematikdidaktik.org\/index.php\/wp-json\/wp\/v2\/media?parent=275"}],"curies":[{"name":"wp","href":"https:\/\/api.w.org\/{rel}","templated":true}]}}