{"id":2356,"date":"2025-12-12T07:33:44","date_gmt":"2025-12-12T06:33:44","guid":{"rendered":"http:\/\/matematikdidaktik.org\/?page_id=2356"},"modified":"2026-02-25T11:20:28","modified_gmt":"2026-02-25T10:20:28","slug":"bli-medlem","status":"publish","type":"page","link":"http:\/\/matematikdidaktik.org\/index.php\/bli-medlem\/","title":{"rendered":"Bli medlem"},"content":{"rendered":"<p>Du blir medlem i SMDF genom att betala in avgiften som \u00e4r 300 kronor och g\u00e4ller f\u00f6r en tv\u00e5\u00e5rsperiod. Innevarade period \u00e4r 1 januari 2026 \u2013 31 december 2028. Medlemskap ber\u00e4ttigar till deltagande i MADIF-15 och andra aktiviteter som f\u00f6reningen ordnar under perioden. Om du anm\u00e4lt dig till MADIF-15 betalades medlemsavgiften in samtidigt som deltagaravgiften.<\/p>\n<p>On du inte deltog i MADIF-15 kan du ist\u00e4llet betala medlemsavgiften genom att s\u00e4tta in 300 kr p\u00e5 f\u00f6reningens konto. OBS: Det \u00e4r viktigt att du anger\u00a0<em><b>ditt namn och din mailadress<\/b><\/em>\u00a0i meddelanderutan vid inbetalningen s\u00e5 att vi vet vem du \u00e4r och hur vi kan n\u00e5 dig.<\/p>\n<p>PlusGiro 498 89 74 \u2013 4, med adress Svensk F\u00f6rening f\u00f6r Matematikdidaktisk Forskning, SMDF.<\/p>\n<p>Kontakta f\u00f6reningens kass\u00f6r Olov Viirman,\u00a0<a href=\"mailto:olov.viirman@edu.uu.se\">olov.viirman@edu.uu.se<\/a>\u00a0f\u00f6r fr\u00e5gor om medlemskap eller medlemsavgift.<\/p>\n","protected":false},"excerpt":{"rendered":"<p>Du blir medlem i SMDF genom att betala in avgiften som \u00e4r 300 kronor och g\u00e4ller f\u00f6r en tv\u00e5\u00e5rsperiod. Innevarade period \u00e4r 1 januari 2026 \u2013 31 december 2028. Medlemskap ber\u00e4ttigar till deltagande i MADIF-15 och andra aktiviteter som f\u00f6reningen ordnar under perioden. Om du anm\u00e4lt dig till MADIF-15 betalades medlemsavgiften in samtidigt som deltagaravgiften. &hellip; <a href=\"http:\/\/matematikdidaktik.org\/index.php\/bli-medlem\/\" class=\"more-link\">Forts\u00e4tt l\u00e4sa <span class=\"screen-reader-text\">Bli medlem<\/span> <span class=\"meta-nav\">&rarr;<\/span><\/a><\/p>\n","protected":false},"author":4,"featured_media":0,"parent":0,"menu_order":0,"comment_status":"closed","ping_status":"closed","template":"","meta":{"footnotes":""},"class_list":["post-2356","page","type-page","status-publish","hentry"],"_links":{"self":[{"href":"http:\/\/matematikdidaktik.org\/index.php\/wp-json\/wp\/v2\/pages\/2356","targetHints":{"allow":["GET"]}}],"collection":[{"href":"http:\/\/matematikdidaktik.org\/index.php\/wp-json\/wp\/v2\/pages"}],"about":[{"href":"http:\/\/matematikdidaktik.org\/index.php\/wp-json\/wp\/v2\/types\/page"}],"author":[{"embeddable":true,"href":"http:\/\/matematikdidaktik.org\/index.php\/wp-json\/wp\/v2\/users\/4"}],"replies":[{"embeddable":true,"href":"http:\/\/matematikdidaktik.org\/index.php\/wp-json\/wp\/v2\/comments?post=2356"}],"version-history":[{"count":3,"href":"http:\/\/matematikdidaktik.org\/index.php\/wp-json\/wp\/v2\/pages\/2356\/revisions"}],"predecessor-version":[{"id":2558,"href":"http:\/\/matematikdidaktik.org\/index.php\/wp-json\/wp\/v2\/pages\/2356\/revisions\/2558"}],"wp:attachment":[{"href":"http:\/\/matematikdidaktik.org\/index.php\/wp-json\/wp\/v2\/media?parent=2356"}],"curies":[{"name":"wp","href":"https:\/\/api.w.org\/{rel}","templated":true}]}}