{"id":2327,"date":"2025-12-08T09:17:54","date_gmt":"2025-12-08T08:17:54","guid":{"rendered":"http:\/\/matematikdidaktik.org\/?page_id=2327"},"modified":"2026-01-27T11:39:33","modified_gmt":"2026-01-27T10:39:33","slug":"arsmote-2026","status":"publish","type":"page","link":"http:\/\/matematikdidaktik.org\/index.php\/arsmote-2026\/","title":{"rendered":"\u00c5rsm\u00f6te 2026"},"content":{"rendered":"<p>SMDF h\u00e5ller \u00e5rsm\u00f6te i samband med MADIF i G\u00f6teborg 27 januari 2026. Kallelse med dagordning finner ni nedan.<\/p>\n<ul>\n<li style=\"list-style-type: none;\">\n<ul>\n<li><a href=\"http:\/\/matematikdidaktik.org\/wp-content\/uploads\/2025\/11\/Kallelse-till-arsmote-SMDF-Svensk-forening-for-MatematikDidaktisk-Forskning-2026.pdf\">Kallelse till a\u030arsmo\u0308te SMDF Svensk fo\u0308rening fo\u0308r MatematikDidaktisk Forskning 2026<\/a><\/li>\n<li><a href=\"http:\/\/matematikdidaktik.org\/wp-content\/uploads\/2026\/01\/Verksamhetsberattelse-2025.docx\">Verksamhetsber\u00e4ttelse 2025<\/a><\/li>\n<li><a href=\"http:\/\/matematikdidaktik.org\/wp-content\/uploads\/2025\/12\/Kassarapport-2025-inkl-budget.pdf\">Kassarapport 2025<\/a><\/li>\n<li><a href=\"http:\/\/matematikdidaktik.org\/wp-content\/uploads\/2026\/01\/valberedning-2026.docx\">Valberedningens f\u00f6rslag 2026<\/a><\/li>\n<li><a href=\"http:\/\/matematikdidaktik.org\/wp-content\/uploads\/2025\/12\/Verksamhetsplan-2026.docx\">Verksamhetsplan 2026<\/a><\/li>\n<\/ul>\n<\/li>\n<\/ul>\n<p>&nbsp;<\/p>\n","protected":false},"excerpt":{"rendered":"<p>SMDF h\u00e5ller \u00e5rsm\u00f6te i samband med MADIF i G\u00f6teborg 27 januari 2026. Kallelse med dagordning finner ni nedan. Kallelse till a\u030arsmo\u0308te SMDF Svensk fo\u0308rening fo\u0308r MatematikDidaktisk Forskning 2026 Verksamhetsber\u00e4ttelse 2025 Kassarapport 2025 Valberedningens f\u00f6rslag 2026 Verksamhetsplan 2026 &nbsp;<\/p>\n","protected":false},"author":4,"featured_media":0,"parent":0,"menu_order":0,"comment_status":"closed","ping_status":"closed","template":"","meta":{"footnotes":""},"class_list":["post-2327","page","type-page","status-publish","hentry"],"_links":{"self":[{"href":"http:\/\/matematikdidaktik.org\/index.php\/wp-json\/wp\/v2\/pages\/2327","targetHints":{"allow":["GET"]}}],"collection":[{"href":"http:\/\/matematikdidaktik.org\/index.php\/wp-json\/wp\/v2\/pages"}],"about":[{"href":"http:\/\/matematikdidaktik.org\/index.php\/wp-json\/wp\/v2\/types\/page"}],"author":[{"embeddable":true,"href":"http:\/\/matematikdidaktik.org\/index.php\/wp-json\/wp\/v2\/users\/4"}],"replies":[{"embeddable":true,"href":"http:\/\/matematikdidaktik.org\/index.php\/wp-json\/wp\/v2\/comments?post=2327"}],"version-history":[{"count":4,"href":"http:\/\/matematikdidaktik.org\/index.php\/wp-json\/wp\/v2\/pages\/2327\/revisions"}],"predecessor-version":[{"id":2519,"href":"http:\/\/matematikdidaktik.org\/index.php\/wp-json\/wp\/v2\/pages\/2327\/revisions\/2519"}],"wp:attachment":[{"href":"http:\/\/matematikdidaktik.org\/index.php\/wp-json\/wp\/v2\/media?parent=2327"}],"curies":[{"name":"wp","href":"https:\/\/api.w.org\/{rel}","templated":true}]}}