{"id":2114,"date":"2024-11-07T10:23:45","date_gmt":"2024-11-07T09:23:45","guid":{"rendered":"http:\/\/matematikdidaktik.org\/?page_id=2114"},"modified":"2025-01-28T16:12:36","modified_gmt":"2025-01-28T15:12:36","slug":"arsmote-2025","status":"publish","type":"page","link":"http:\/\/matematikdidaktik.org\/index.php\/arsmote-2025\/","title":{"rendered":"\u00c5rsm\u00f6te 2025"},"content":{"rendered":"<p>SMDF h\u00e5ller \u00e5rsm\u00f6te via zoom den 28 januari 2025 kl. 16.00. Kallelse med dagordning finner ni nedan.<\/p>\n<ul>\n<li><a href=\"http:\/\/matematikdidaktik.org\/wp-content\/uploads\/2024\/11\/Kallelse-till-arsmote-2025-SMDF-Svensk-forening-for-MatematikDidaktisk-Forskning.pdf\">Kallelse till a\u030arsmo\u0308te 2025<\/a><\/li>\n<li><a href=\"http:\/\/matematikdidaktik.org\/wp-content\/uploads\/2025\/01\/Verksamhetsberattelse-2024.docx\">Verksamhetsber\u00e4ttelse 2024<\/a><\/li>\n<li><a href=\"http:\/\/matematikdidaktik.org\/wp-content\/uploads\/2025\/01\/Verksamhetsplan-2025.docx\">Verksamhetsplan 2025<\/a><\/li>\n<li><a href=\"http:\/\/matematikdidaktik.org\/wp-content\/uploads\/2025\/01\/valberedning-2025.docx\">Valberedningens f\u00f6rslag 2025<\/a><\/li>\n<li><a href=\"http:\/\/matematikdidaktik.org\/wp-content\/uploads\/2025\/01\/Kassarapport-2024-inkl-budget.docx\">Kassarapport 2024<\/a><\/li>\n<\/ul>\n<p>&nbsp;<\/p>\n","protected":false},"excerpt":{"rendered":"<p>SMDF h\u00e5ller \u00e5rsm\u00f6te via zoom den 28 januari 2025 kl. 16.00. Kallelse med dagordning finner ni nedan. Kallelse till a\u030arsmo\u0308te 2025 Verksamhetsber\u00e4ttelse 2024 Verksamhetsplan 2025 Valberedningens f\u00f6rslag 2025 Kassarapport 2024 &nbsp;<\/p>\n","protected":false},"author":4,"featured_media":0,"parent":0,"menu_order":0,"comment_status":"closed","ping_status":"closed","template":"","meta":{"footnotes":""},"class_list":["post-2114","page","type-page","status-publish","hentry"],"_links":{"self":[{"href":"http:\/\/matematikdidaktik.org\/index.php\/wp-json\/wp\/v2\/pages\/2114","targetHints":{"allow":["GET"]}}],"collection":[{"href":"http:\/\/matematikdidaktik.org\/index.php\/wp-json\/wp\/v2\/pages"}],"about":[{"href":"http:\/\/matematikdidaktik.org\/index.php\/wp-json\/wp\/v2\/types\/page"}],"author":[{"embeddable":true,"href":"http:\/\/matematikdidaktik.org\/index.php\/wp-json\/wp\/v2\/users\/4"}],"replies":[{"embeddable":true,"href":"http:\/\/matematikdidaktik.org\/index.php\/wp-json\/wp\/v2\/comments?post=2114"}],"version-history":[{"count":4,"href":"http:\/\/matematikdidaktik.org\/index.php\/wp-json\/wp\/v2\/pages\/2114\/revisions"}],"predecessor-version":[{"id":2165,"href":"http:\/\/matematikdidaktik.org\/index.php\/wp-json\/wp\/v2\/pages\/2114\/revisions\/2165"}],"wp:attachment":[{"href":"http:\/\/matematikdidaktik.org\/index.php\/wp-json\/wp\/v2\/media?parent=2114"}],"curies":[{"name":"wp","href":"https:\/\/api.w.org\/{rel}","templated":true}]}}