{"id":1843,"date":"2024-01-08T18:55:21","date_gmt":"2024-01-08T17:55:21","guid":{"rendered":"http:\/\/matematikdidaktik.org\/?page_id=1843"},"modified":"2024-04-24T14:31:21","modified_gmt":"2024-04-24T12:31:21","slug":"arsmote-2024","status":"publish","type":"page","link":"http:\/\/matematikdidaktik.org\/index.php\/arsmote-2024\/","title":{"rendered":"\u00c5rsm\u00f6te 2024"},"content":{"rendered":"<p>SMDF h\u00e5ller \u00e5rsm\u00f6te i samband med MADIF i \u00d6rebro 20 mars 2024. Kallelse med dagordning finner ni nedan.<\/p>\n<ul>\n<li><a href=\"http:\/\/matematikdidaktik.org\/wp-content\/uploads\/2024\/01\/Kallelse-till-arsmote-SMDF-Svensk-forening-for-MatematikDidaktisk-Forskning.pdf\">Kallelse till a\u030arsmo\u0308te SMDF Svensk fo\u0308rening fo\u0308r MatematikDidaktisk Forskning<\/a><\/li>\n<\/ul>\n<p>Handlingar inf\u00f6r \u00e5rsm\u00f6te:<\/p>\n<ul>\n<li><a href=\"http:\/\/matematikdidaktik.org\/wp-content\/uploads\/2024\/02\/Verksamhetsberattelse-2023.docx\">Verksamhetsber\u00e4ttelse fr\u00e5n 2023<\/a><\/li>\n<li><a href=\"http:\/\/matematikdidaktik.org\/wp-content\/uploads\/2024\/02\/Verksamhetsplan-2024.docx\">Verksamhetsplan f\u00f6r 2024<\/a><\/li>\n<li><a href=\"http:\/\/matematikdidaktik.org\/wp-content\/uploads\/2024\/04\/SMDF-Arsmote-2024.pdf\">Protokoll fr\u00e5n \u00e5rsmo\u0308te 2024<\/a><\/li>\n<\/ul>\n","protected":false},"excerpt":{"rendered":"<p>SMDF h\u00e5ller \u00e5rsm\u00f6te i samband med MADIF i \u00d6rebro 20 mars 2024. Kallelse med dagordning finner ni nedan. Kallelse till a\u030arsmo\u0308te SMDF Svensk fo\u0308rening fo\u0308r MatematikDidaktisk Forskning Handlingar inf\u00f6r \u00e5rsm\u00f6te: Verksamhetsber\u00e4ttelse fr\u00e5n 2023 Verksamhetsplan f\u00f6r 2024 Protokoll fr\u00e5n \u00e5rsmo\u0308te 2024<\/p>\n","protected":false},"author":4,"featured_media":0,"parent":0,"menu_order":0,"comment_status":"closed","ping_status":"closed","template":"","meta":{"footnotes":""},"class_list":["post-1843","page","type-page","status-publish","hentry"],"_links":{"self":[{"href":"http:\/\/matematikdidaktik.org\/index.php\/wp-json\/wp\/v2\/pages\/1843","targetHints":{"allow":["GET"]}}],"collection":[{"href":"http:\/\/matematikdidaktik.org\/index.php\/wp-json\/wp\/v2\/pages"}],"about":[{"href":"http:\/\/matematikdidaktik.org\/index.php\/wp-json\/wp\/v2\/types\/page"}],"author":[{"embeddable":true,"href":"http:\/\/matematikdidaktik.org\/index.php\/wp-json\/wp\/v2\/users\/4"}],"replies":[{"embeddable":true,"href":"http:\/\/matematikdidaktik.org\/index.php\/wp-json\/wp\/v2\/comments?post=1843"}],"version-history":[{"count":3,"href":"http:\/\/matematikdidaktik.org\/index.php\/wp-json\/wp\/v2\/pages\/1843\/revisions"}],"predecessor-version":[{"id":2048,"href":"http:\/\/matematikdidaktik.org\/index.php\/wp-json\/wp\/v2\/pages\/1843\/revisions\/2048"}],"wp:attachment":[{"href":"http:\/\/matematikdidaktik.org\/index.php\/wp-json\/wp\/v2\/media?parent=1843"}],"curies":[{"name":"wp","href":"https:\/\/api.w.org\/{rel}","templated":true}]}}