{"id":176,"date":"2016-09-25T23:00:10","date_gmt":"2016-09-25T21:00:10","guid":{"rendered":"http:\/\/nbas.ncm.gu.se\/webbexterna\/smdf\/?page_id=176"},"modified":"2022-11-24T08:16:34","modified_gmt":"2022-11-24T07:16:34","slug":"madif","status":"publish","type":"page","link":"http:\/\/matematikdidaktik.org\/index.php\/madif\/","title":{"rendered":"MADIF"},"content":{"rendered":"<p>J\u00e4mna \u00e5r arrangerar SMDF det Matematikdidaktiska forskningsseminariet, MADIF. Hit v\u00e4lkomnar vi alla forskare och forskarstuderande, nya som mer rutinerade, inom det matematikdidaktiska f\u00e4ltet. Det genomf\u00f6rs vid och i samarbete med det l\u00e4ros\u00e4te som anordnar matematikbiennalen. Du \u00e4r varmt v\u00e4lkommen att delta vid MADIF oavsett om du s\u00e4nder in ett eget bidrag eller ej. Konferensen \u00e4r ett ypperligt tillf\u00e4lle att l\u00e4ra k\u00e4nna s\u00e5v\u00e4l nya forskarkollegor som nya forskningsomr\u00e5den. Konferensen annonseras p\u00e5 SMDFs hemsida.<\/p>\n<p>Tidigare\u00a0konferensdokumentationer fr\u00e5n Madif finner du bland<a href=\"http:\/\/matematikdidaktik.org\/index.php\/madifs-skriftserie\/\"> SMDFs\u00a0skrifter<\/a> eller p\u00e5 <a href=\"http:\/\/matematikdidaktik.org\/index.php\/dokumentation-fran-tidigare-madif-konferenser\/\">tidigare konferensers hemsidor<\/a>. I SMDFs skriftserie finns \u00e4ven ytterligare intressanta forskningssammanst\u00e4llningar.<\/p>\n<p>&nbsp;<\/p>\n","protected":false},"excerpt":{"rendered":"<p>J\u00e4mna \u00e5r arrangerar SMDF det Matematikdidaktiska forskningsseminariet, MADIF. Hit v\u00e4lkomnar vi alla forskare och forskarstuderande, nya som mer rutinerade, inom det matematikdidaktiska f\u00e4ltet. Det genomf\u00f6rs vid och i samarbete med det l\u00e4ros\u00e4te som anordnar matematikbiennalen. Du \u00e4r varmt v\u00e4lkommen att delta vid MADIF oavsett om du s\u00e4nder in ett eget bidrag eller ej. Konferensen \u00e4r &hellip; <a href=\"http:\/\/matematikdidaktik.org\/index.php\/madif\/\" class=\"more-link\">Forts\u00e4tt l\u00e4sa <span class=\"screen-reader-text\">MADIF<\/span> <span class=\"meta-nav\">&rarr;<\/span><\/a><\/p>\n","protected":false},"author":3,"featured_media":0,"parent":0,"menu_order":0,"comment_status":"closed","ping_status":"closed","template":"","meta":{"footnotes":""},"class_list":["post-176","page","type-page","status-publish","hentry"],"_links":{"self":[{"href":"http:\/\/matematikdidaktik.org\/index.php\/wp-json\/wp\/v2\/pages\/176","targetHints":{"allow":["GET"]}}],"collection":[{"href":"http:\/\/matematikdidaktik.org\/index.php\/wp-json\/wp\/v2\/pages"}],"about":[{"href":"http:\/\/matematikdidaktik.org\/index.php\/wp-json\/wp\/v2\/types\/page"}],"author":[{"embeddable":true,"href":"http:\/\/matematikdidaktik.org\/index.php\/wp-json\/wp\/v2\/users\/3"}],"replies":[{"embeddable":true,"href":"http:\/\/matematikdidaktik.org\/index.php\/wp-json\/wp\/v2\/comments?post=176"}],"version-history":[{"count":4,"href":"http:\/\/matematikdidaktik.org\/index.php\/wp-json\/wp\/v2\/pages\/176\/revisions"}],"predecessor-version":[{"id":1657,"href":"http:\/\/matematikdidaktik.org\/index.php\/wp-json\/wp\/v2\/pages\/176\/revisions\/1657"}],"wp:attachment":[{"href":"http:\/\/matematikdidaktik.org\/index.php\/wp-json\/wp\/v2\/media?parent=176"}],"curies":[{"name":"wp","href":"https:\/\/api.w.org\/{rel}","templated":true}]}}