{"id":1648,"date":"2022-11-22T08:41:55","date_gmt":"2022-11-22T07:41:55","guid":{"rendered":"http:\/\/matematikdidaktik.org\/?page_id=1648"},"modified":"2024-03-18T14:11:38","modified_gmt":"2024-03-18T13:11:38","slug":"arsmote-2023","status":"publish","type":"page","link":"http:\/\/matematikdidaktik.org\/index.php\/arsmote-2023\/","title":{"rendered":"\u00c5rsm\u00f6te 2023"},"content":{"rendered":"<h1>\u00c5rsm\u00f6te 2023<\/h1>\n<p>SMDF h\u00e5ller \u00e5rsm\u00f6te via zoom den 6 februari 2023. Kallelse med dagordning finner ni nedan.<\/p>\n<ul>\n<li><a href=\"http:\/\/matematikdidaktik.org\/wp-content\/uploads\/2022\/11\/2023_SMDF_Kallelse-till-arsmote.pdf\">Kallelse till a\u030arsmo\u0308te inklusive dagordning<\/a><\/li>\n<\/ul>\n<p>Handlingar fr\u00e5n \u00e5rsm\u00f6tet:<\/p>\n<ul>\n<li style=\"list-style-type: none;\">\n<ul>\n<li><a href=\"http:\/\/matematikdidaktik.org\/wp-content\/uploads\/2023\/01\/Verksamhetsberattelse-2022.docx\">Verksamhetsbera\u0308ttelse 2022<\/a><\/li>\n<li><a href=\"http:\/\/matematikdidaktik.org\/wp-content\/uploads\/2023\/01\/Verksamhetsplan-2023.docx\">Verksamhetsplan 2023<\/a><\/li>\n<li><a href=\"http:\/\/matematikdidaktik.org\/wp-content\/uploads\/2024\/03\/Arsmote-2023.pdf\">Protokoll \u00e5rsmo\u0308te 2023<\/a><\/li>\n<li><a href=\"http:\/\/matematikdidaktik.org\/wp-content\/uploads\/2024\/03\/230206-Konstituerande-mote.pdf\">Protokoll fr\u00e5n Konstituerande mo\u0308te<\/a><\/li>\n<\/ul>\n<\/li>\n<\/ul>\n<p>&nbsp;<\/p>\n","protected":false},"excerpt":{"rendered":"<p>\u00c5rsm\u00f6te 2023 SMDF h\u00e5ller \u00e5rsm\u00f6te via zoom den 6 februari 2023. Kallelse med dagordning finner ni nedan. Kallelse till a\u030arsmo\u0308te inklusive dagordning Handlingar fr\u00e5n \u00e5rsm\u00f6tet: Verksamhetsbera\u0308ttelse 2022 Verksamhetsplan 2023 Protokoll \u00e5rsmo\u0308te 2023 Protokoll fr\u00e5n Konstituerande mo\u0308te &nbsp;<\/p>\n","protected":false},"author":4,"featured_media":0,"parent":0,"menu_order":0,"comment_status":"closed","ping_status":"closed","template":"","meta":{"footnotes":""},"class_list":["post-1648","page","type-page","status-publish","hentry"],"_links":{"self":[{"href":"http:\/\/matematikdidaktik.org\/index.php\/wp-json\/wp\/v2\/pages\/1648","targetHints":{"allow":["GET"]}}],"collection":[{"href":"http:\/\/matematikdidaktik.org\/index.php\/wp-json\/wp\/v2\/pages"}],"about":[{"href":"http:\/\/matematikdidaktik.org\/index.php\/wp-json\/wp\/v2\/types\/page"}],"author":[{"embeddable":true,"href":"http:\/\/matematikdidaktik.org\/index.php\/wp-json\/wp\/v2\/users\/4"}],"replies":[{"embeddable":true,"href":"http:\/\/matematikdidaktik.org\/index.php\/wp-json\/wp\/v2\/comments?post=1648"}],"version-history":[{"count":4,"href":"http:\/\/matematikdidaktik.org\/index.php\/wp-json\/wp\/v2\/pages\/1648\/revisions"}],"predecessor-version":[{"id":2021,"href":"http:\/\/matematikdidaktik.org\/index.php\/wp-json\/wp\/v2\/pages\/1648\/revisions\/2021"}],"wp:attachment":[{"href":"http:\/\/matematikdidaktik.org\/index.php\/wp-json\/wp\/v2\/media?parent=1648"}],"curies":[{"name":"wp","href":"https:\/\/api.w.org\/{rel}","templated":true}]}}