{"id":1613,"date":"2022-09-09T08:32:46","date_gmt":"2022-09-09T06:32:46","guid":{"rendered":"http:\/\/matematikdidaktik.org\/?page_id=1613"},"modified":"2025-02-21T09:19:08","modified_gmt":"2025-02-21T08:19:08","slug":"doktorandkurser","status":"publish","type":"page","link":"http:\/\/matematikdidaktik.org\/index.php\/doktorandkurser\/","title":{"rendered":"Doktorandkurser"},"content":{"rendered":"<p>H\u00e4r hittar ni matematikdidaktikrelaterade doktorandkurser som utlysts vid olika h\u00f6gskolor och universitet. SMDF s\u00f6ker inte upp kommande kurser. De h\u00f6gskolor och universitet som via denna sida vill sprida information om kommande kurser ombeds kontakta SMDFs webbansvarig (se <a href=\"http:\/\/matematikdidaktik.org\/index.php\/kontakt\/\">kontaktsidan<\/a>).<\/p>\n<p>Det finns \u00e4ven ett n\u00e4tverk f\u00f6r doktorander som g\u00f6r sitt avhandlingsprojekt inom matematikdidaktik (oavsett forskar\u00e4mne). N\u00e4tverket anordnar tr\u00e4ffar p\u00e5 l\u00e4ros\u00e4ten runt om i landet och har en teams-grupp f\u00f6r doktorander d\u00e4r de delar information och diskuterar fr\u00e5gor. Vill du vara med i n\u00e4tverket, skicka d\u00e5 ett mail till <a href=\"mailto:frida.harvey@oru.se\">frida.harvey@oru.se<\/a> som inneh\u00e5ller mailadress, vilket l\u00e4ros\u00e4te du tillh\u00f6r och t\u00e4nkt disputationsdatum.<\/p>\n<p>Aktuella kurser<\/p>\n<ul>\n<li><a href=\"https:\/\/mau.se\/forskning\/forskarutbildning\/forskarutbildningskurser\/#accordion-117485\" target=\"_blank\" rel=\"noopener\">Metodologiska m\u00f6ten i naturvetenskapernas och matematikens didaktik, 7,5 hp<\/a><\/li>\n<li><a href=\"https:\/\/lnu.se\/forskning\/forskarutbildning\/kurser\/ftk\/designforskning-i-matematikdidaktik\/\" target=\"_blank\" rel=\"noopener\">Graduate course on Design Research in Mathematics Education. 7,5 ECTS credits, Linn\u00e9universitetet<\/a><\/li>\n<\/ul>\n<p>&nbsp;<\/p>\n<p class=\"p1\">Genomf\u00f6rda kurser<\/p>\n<ul>\n<li><a href=\"https:\/\/lnu.se\/forskning\/forskarutbildning\/kurser\/ftk\/kvalitativ-analys-av-larsituationer-i-matematik\/?fbclid=IwAR3DoKd5yLiMylyQKq0xpqtK-_7rAxAXpof7yFArSznjcamaq6ZMVXx8kF4_aem_AXuPakqnZhVSOe-CmUVbNQE_etrheq6Mh2rfB1y8AnWqhze5KpZFUgaGJZHzomSb0YI\">Kvalitativ analys av l\u00e4rsituationer i matematik. 7,5 ECTS credits, Linn\u00e9universitetet<\/a><\/li>\n<li><a style=\"color: #ea9629; text-decoration-line: underline; outline: 0px;\" href=\"https:\/\/litresearch.se\/doctoral-course-disciplinary-literacy-in-different-educational-contexts\/?fbclid=IwAR0J1B8MJIrLNabd-4pB8FuV4aK5YahHh-eiPuwJPC-qvcaH-AahZ-hW0a8_aem_AXsRtyKmETtjgsgrm59pI_lgwfBMGjXGuE_T2reNgOOBmWTyUZZCt2hFs5vzC-3SSyk\">Disciplinary Literacy in Different Educational Contexts. 7,5 ECTS credits, Malm\u00f6 universitet<\/a><\/li>\n<li><a style=\"color: #ea9629; text-decoration-line: underline; outline: 0px;\" href=\"http:\/\/matematikdidaktik.org\/wp-content\/uploads\/2024\/01\/FOUK017-Kursplan.pdf\">Core Practices of Subject Teaching and their Role in Teacher Education. 4,5 ECTS credits. M\u00e4lardalens universitet. Kontaktperson Iben Christiansen<\/a><\/li>\n<li><a href=\"https:\/\/lnu.se\/forskning\/forskarutbildning\/kurser\/ftk\/designforskning-i-matematikdidaktik\/\">Graduate course on Design Research in Mathematics Education. 7,5 ECTS credits, Linn\u00e9universitetet<\/a><\/li>\n<li><a style=\"color: #ea9629; text-decoration-line: underline; outline: 0px;\" href=\"http:\/\/matematikdidaktik.org\/wp-content\/uploads\/2023\/01\/Inbjudan-doktorandkurs-Orebro.pdf\">Graduate course on The role of theories in teacher-researcher collaboration in mathematics education. 3 ECTS credits, \u00d6rebro university<\/a><\/li>\n<li><a href=\"https:\/\/www.su.se\/institutionen-for-amnesdidaktik\/utbildning\/v%C3%A5ra-utbildningar\/kurser-p%C3%A5-forskarniv%C3%A5-1.589773?notforcedreason=0&amp;q=&amp;xpanded=\">Epistemological and historical perspectives on mathematics education, 10 ECTS credits, Stockholm university<\/a><\/li>\n<li><a href=\"http:\/\/matematikdidaktik.org\/wp-content\/uploads\/2022\/09\/analysens-fundament-SMDF.pdf\">Analysens fundament 7,5Hp, Karlstad universitet<\/a><\/li>\n<\/ul>\n","protected":false},"excerpt":{"rendered":"<p>H\u00e4r hittar ni matematikdidaktikrelaterade doktorandkurser som utlysts vid olika h\u00f6gskolor och universitet. SMDF s\u00f6ker inte upp kommande kurser. De h\u00f6gskolor och universitet som via denna sida vill sprida information om kommande kurser ombeds kontakta SMDFs webbansvarig (se kontaktsidan). Det finns \u00e4ven ett n\u00e4tverk f\u00f6r doktorander som g\u00f6r sitt avhandlingsprojekt inom matematikdidaktik (oavsett forskar\u00e4mne). N\u00e4tverket anordnar &hellip; <a href=\"http:\/\/matematikdidaktik.org\/index.php\/doktorandkurser\/\" class=\"more-link\">Forts\u00e4tt l\u00e4sa <span class=\"screen-reader-text\">Doktorandkurser<\/span> <span class=\"meta-nav\">&rarr;<\/span><\/a><\/p>\n","protected":false},"author":4,"featured_media":0,"parent":0,"menu_order":0,"comment_status":"closed","ping_status":"closed","template":"","meta":{"footnotes":""},"class_list":["post-1613","page","type-page","status-publish","hentry"],"_links":{"self":[{"href":"http:\/\/matematikdidaktik.org\/index.php\/wp-json\/wp\/v2\/pages\/1613","targetHints":{"allow":["GET"]}}],"collection":[{"href":"http:\/\/matematikdidaktik.org\/index.php\/wp-json\/wp\/v2\/pages"}],"about":[{"href":"http:\/\/matematikdidaktik.org\/index.php\/wp-json\/wp\/v2\/types\/page"}],"author":[{"embeddable":true,"href":"http:\/\/matematikdidaktik.org\/index.php\/wp-json\/wp\/v2\/users\/4"}],"replies":[{"embeddable":true,"href":"http:\/\/matematikdidaktik.org\/index.php\/wp-json\/wp\/v2\/comments?post=1613"}],"version-history":[{"count":4,"href":"http:\/\/matematikdidaktik.org\/index.php\/wp-json\/wp\/v2\/pages\/1613\/revisions"}],"predecessor-version":[{"id":2197,"href":"http:\/\/matematikdidaktik.org\/index.php\/wp-json\/wp\/v2\/pages\/1613\/revisions\/2197"}],"wp:attachment":[{"href":"http:\/\/matematikdidaktik.org\/index.php\/wp-json\/wp\/v2\/media?parent=1613"}],"curies":[{"name":"wp","href":"https:\/\/api.w.org\/{rel}","templated":true}]}}