{"id":1478,"date":"2022-03-04T09:06:33","date_gmt":"2022-03-04T08:06:33","guid":{"rendered":"http:\/\/matematikdidaktik.org\/?page_id=1478"},"modified":"2022-03-07T16:17:09","modified_gmt":"2022-03-07T15:17:09","slug":"programkommitten","status":"publish","type":"page","link":"http:\/\/matematikdidaktik.org\/index.php\/programkommitten\/","title":{"rendered":"Programkommitt\u00e9n"},"content":{"rendered":"<h5>Programkommitt\u00e9n f\u00f6r MADIF-13<\/h5>\n<p><a href=\"mailto:linda.mattsson@bth.se\">Linda Mattsson<\/a><br \/>\n<a href=\"mailto:johan.haggstrom@ncm.gu.se\">Johan H\u00e4ggstr\u00f6m<\/a><br \/>\n<a href=\"mailto:hanna.palmer@lnu.se\">Hanna Palm\u00e9r<\/a><br \/>\n<a href=\"mailto:miguel.perez@lnu.se\">Miguel Perez<\/a><br \/>\n<a href=\"mailto:martin.carlsen@uia.no\">Martin Carlsen<\/a><br \/>\n<a href=\"mailto:kerstin.pettersson@mnd.su.se\">Kerstin Pettersson<\/a><br \/>\n<a href=\"mailto:cecilia.kilhamn@ncm.gu.se\">Cecilia Kilhamn<\/a><\/p>\n","protected":false},"excerpt":{"rendered":"<p>Programkommitt\u00e9n f\u00f6r MADIF-13 Linda Mattsson Johan H\u00e4ggstr\u00f6m Hanna Palm\u00e9r Miguel Perez Martin Carlsen Kerstin Pettersson Cecilia Kilhamn<\/p>\n","protected":false},"author":4,"featured_media":0,"parent":0,"menu_order":0,"comment_status":"closed","ping_status":"closed","template":"","meta":{"footnotes":""},"class_list":["post-1478","page","type-page","status-publish","hentry"],"_links":{"self":[{"href":"http:\/\/matematikdidaktik.org\/index.php\/wp-json\/wp\/v2\/pages\/1478","targetHints":{"allow":["GET"]}}],"collection":[{"href":"http:\/\/matematikdidaktik.org\/index.php\/wp-json\/wp\/v2\/pages"}],"about":[{"href":"http:\/\/matematikdidaktik.org\/index.php\/wp-json\/wp\/v2\/types\/page"}],"author":[{"embeddable":true,"href":"http:\/\/matematikdidaktik.org\/index.php\/wp-json\/wp\/v2\/users\/4"}],"replies":[{"embeddable":true,"href":"http:\/\/matematikdidaktik.org\/index.php\/wp-json\/wp\/v2\/comments?post=1478"}],"version-history":[{"count":4,"href":"http:\/\/matematikdidaktik.org\/index.php\/wp-json\/wp\/v2\/pages\/1478\/revisions"}],"predecessor-version":[{"id":1521,"href":"http:\/\/matematikdidaktik.org\/index.php\/wp-json\/wp\/v2\/pages\/1478\/revisions\/1521"}],"wp:attachment":[{"href":"http:\/\/matematikdidaktik.org\/index.php\/wp-json\/wp\/v2\/media?parent=1478"}],"curies":[{"name":"wp","href":"https:\/\/api.w.org\/{rel}","templated":true}]}}