{"id":1370,"date":"2022-03-03T16:49:19","date_gmt":"2022-03-03T15:49:19","guid":{"rendered":"http:\/\/matematikdidaktik.org\/?page_id=1370"},"modified":"2022-04-06T07:57:04","modified_gmt":"2022-04-06T05:57:04","slug":"bidrag","status":"publish","type":"page","link":"http:\/\/matematikdidaktik.org\/index.php\/bidrag\/","title":{"rendered":"Bidrag"},"content":{"rendered":"<h5><strong><em>The relation between mathematics education research and teachers\u2019 professional development<\/em><\/strong><\/h5>\n<h5>Plenars<\/h5>\n<hr \/>\n<p><a href=\"http:\/\/matematikdidaktik.org\/wp-content\/uploads\/2022\/04\/Vaxjo-Madif-03-221-Skrivskyddad.pdf\">Investigating What It Takes to Improve Mathematics Teaching and Learning on a Large Scale<\/a><br \/>\n<em>Paul Cobb<\/em><\/p>\n<p><a href=\"http:\/\/matematikdidaktik.org\/wp-content\/uploads\/2022\/04\/Prediger-22-Va\u0308xjo\u0308-Promoting-Teacher-Expertise-MSK.pdf\">Promoting teacher expertise for fostering at-risk students\u2019 understanding of basic concepts \u2013 An example for content-related PD research<\/a><br \/>\n<em>Susanne Prediger<\/em><\/p>\n<h5>Full papers<\/h5>\n<hr \/>\n<p><a href=\"http:\/\/matematikdidaktik.org\/wp-content\/uploads\/2022\/03\/madif13_FP_002_roos_WEBB.pdf\">FP_002 Students\u2019 meanings of inclusion in mathematics \u2013 implication for practice\u00a0<\/a><br \/>\n<em>Helena Roos<\/em><\/p>\n<p><a href=\"http:\/\/matematikdidaktik.org\/wp-content\/uploads\/2022\/03\/madif13_FP_003_bjorklund_WEBB.pdf\">FP_003 Who or how many are missing? \u2013 Toddlers experiencing numerical meaning in a game<\/a><br \/>\n<em>Bj\u00f6rklund Camilla, Palm\u00e9r Hanna &amp; Landgren Lena<\/em><\/p>\n<p><a href=\"http:\/\/matematikdidaktik.org\/wp-content\/uploads\/2022\/03\/madif13_FP_005_Sumpter_WEBB.pdf\">FP_005 Lower secondary school students\u2019 gendered conceptions about mathematics and related careers<\/a><br \/>\n<em>Lovisa Sumpter, Staffan Frid &amp; Guri Nortvedt<\/em><\/p>\n<p><a href=\"http:\/\/matematikdidaktik.org\/wp-content\/uploads\/2022\/03\/madif13_FP_006_bommel_WEBB.pdf\">FP_006 Dividing or cookies: what do students discern?\u00a0\u00a0<\/a><br \/>\n<em>Jorryt van Bommel &amp; Hanna Palm\u00e9r<\/em><\/p>\n<p><a href=\"http:\/\/matematikdidaktik.org\/wp-content\/uploads\/2022\/03\/madif13_FP_008_fahlstrom_WEBB.pdf\">FP_008 Mathematics Teachers and the Role of Physical Environment\u00a0\u00a0<\/a><br \/>\n<em>Magnus Fahlstr\u00f6m<\/em><\/p>\n<p><a href=\"http:\/\/matematikdidaktik.org\/wp-content\/uploads\/2022\/03\/madif13_FP_009_ahl_WEBB.pdf\">FP_009 Professional development as a means for implementing mathematics education innovations: A systematic review of twenty peer-review journals<\/a><br \/>\n<em>Linda Marie Ahl, Mario S\u00e1nchez Aguilar, Uffe Thomas Jankvist, Morten Misfeldt &amp; Johan Prytz<\/em><\/p>\n<p><a href=\"http:\/\/matematikdidaktik.org\/wp-content\/uploads\/2022\/03\/madif13_FP_011_pejlare_WEBB.pdf\">FP_011 Programming to learn mathematics \u2013 exploring student teachers\u2019 instrumental genesis\u00a0<\/a><br \/>\n<em>Johanna Pejlare &amp; Laura Fainsilber<\/em><\/p>\n<p><a href=\"http:\/\/matematikdidaktik.org\/wp-content\/uploads\/2022\/03\/madif13_FP_012_albarraci\u0301n_WEBB.pdf\">FP_012 Using Fermi Problems with pre-service primary teachers to bring real-life contexts into classrooms using the FPAT-framework<\/a><br \/>\n<em>Llu\u00eds Albarrac\u00edn &amp; Jonas Bergman \u00c4rleb\u00e4ck<\/em><\/p>\n<p><a href=\"http:\/\/matematikdidaktik.org\/wp-content\/uploads\/2022\/03\/madif13_FP_016_sidenvall_WEBB.pdf\">FP_016 Problem-solving competency over school years and grades in Swedish curricula\u00a0<\/a><br \/>\n<em>Johan Sidenvall, Anna Ida S\u00e4fstr\u00f6m &amp; Erika Bostr\u00f6m<\/em><\/p>\n<p><a href=\"http:\/\/matematikdidaktik.org\/wp-content\/uploads\/2022\/03\/madif13_FP_017_bergman_arleback_WEBB.pdf\">FP_017 Developing and testing a framework for analysing and comparing content matter in and across mathematics textbooks madif13_FP_017_bergman_arleback_WEB<\/a><br \/>\n<em>Jonas Bergman \u00c4rleb\u00e4ck &amp; Peter Frejd<\/em><\/p>\n<h5>Short presentations<\/h5>\n<hr \/>\n<p><a href=\"http:\/\/matematikdidaktik.org\/wp-content\/uploads\/2022\/03\/madif13_SP_001_petersson_WEBB.pdf\">SP_001 Mathematical modelling in social sciences<\/a><br \/>\n<em>J\u00f6ran Petersson<\/em><\/p>\n<p><a href=\"http:\/\/matematikdidaktik.org\/wp-content\/uploads\/2022\/03\/madif13_SP_002_turgut_WEBB.pdf\">SP_002 A Tentative Attempt for Professional Development: Contingent Moments in Teaching\u00a0 Mathematics with Historical Resources<\/a><br \/>\n<em>Melih Turgut &amp; Iveta Kohanov\u2000<\/em><\/p>\n<p><a href=\"http:\/\/matematikdidaktik.org\/wp-content\/uploads\/2022\/03\/madif13_SP_003_fredriksdotter_WEBB.pdf\">SP_003 Analysing argumentative processes during mathematical problem solving in small groups\u00a0<\/a><br \/>\n<em>Hanna Fredriksdotter<\/em><\/p>\n<p><a href=\"http:\/\/matematikdidaktik.org\/wp-content\/uploads\/2022\/03\/madif13_SP_004_blomberg_WEBB.pdf\">SP_004 A comparison of two frameworks for the analysis of knowledge and skills for teaching statistics \u2013 MKT vs. RCM for PCK\u00a0<\/a><br \/>\n<em>Per Blomberg<\/em><\/p>\n<p><a href=\"http:\/\/matematikdidaktik.org\/wp-content\/uploads\/2022\/03\/madif13_SP_005_dyrvold_WEBB.pdf\">SP_005 Using heat maps from eye tracking in stimulated recall interviews\u00a0<\/a><br \/>\n<em>Anneli Dyrvold &amp; Ida Bergvall<\/em><\/p>\n<p><a href=\"http:\/\/matematikdidaktik.org\/wp-content\/uploads\/2022\/03\/madif13_SP_007_johansson_WEBB.pdf\">SP_007 Number sense in the app Vektor: Mathematical progression and use of various modes<\/a><br \/>\n<em>Helena Johansson, Malin Norberg &amp; Magnus \u00d6sterholm<\/em><\/p>\n<p><a href=\"http:\/\/matematikdidaktik.org\/wp-content\/uploads\/2022\/03\/madif13_SP_008_karlsson_WEBB.pdf\">SP_008 Response To Intervention (RTI) in Number sense \u2013 Developing a method supporting students at risk in a Swedish context<\/a><br \/>\n<em>Lena Karlsson &amp; Helena Roos<\/em><em>\u00a0\u00a0 <\/em><\/p>\n<p><a href=\"http:\/\/matematikdidaktik.org\/wp-content\/uploads\/2022\/03\/madif13_SP_009_gustafsson_WEBB.pdf\">SP_009 Connecting teachers\u2019 use of curriculum resources in planning with mathematical knowledge for teaching<\/a><br \/>\n<em>Marcus Gustafsson, Jorryt van Bommel and Yvonne Liljekvist<\/em><\/p>\n<p><a href=\"http:\/\/matematikdidaktik.org\/wp-content\/uploads\/2022\/03\/madif13_SP_010_galeano_WEBB.pdf\">SP_010 Math teaching anxiety and teachers\u2019 pedagogic practice in Swedish preschools<\/a><br \/>\n<em>Laura Galeano <\/em><\/p>\n<p><a href=\"http:\/\/matematikdidaktik.org\/wp-content\/uploads\/2022\/03\/madif13_SP_011_larson_WEBB.pdf\">SP_011 Student teachers\u2019 explanations of linear equations evaluated by comparative judgement\u00a0<\/a><br \/>\n<em>Niclas Larson &amp; Kerstin Larsson<\/em><\/p>\n<p><a href=\"http:\/\/matematikdidaktik.org\/wp-content\/uploads\/2022\/03\/madif13_SP_012_fantenberg_WEBB.pdf\">SP_012 Designing a teacher-guide for de-ritualising teaching with GeoGebra<\/a><br \/>\n<em>Ida Fantenberg Niklasson, Nelly Wannberg, Cecilia Kozma &amp; Lisa \u00d6sterling<\/em><\/p>\n<p><a href=\"http:\/\/matematikdidaktik.org\/wp-content\/uploads\/2022\/03\/madif13_SP_013_gardesten_WEBB.pdf\">SP_013 Sustaining students\u2019 participation in mathematics\u00a0<\/a><br \/>\n<em>Malin Gardesten<\/em><\/p>\n<p><a href=\"http:\/\/matematikdidaktik.org\/wp-content\/uploads\/2022\/03\/madif13_SP_014_andersson_WEBB.pdf\">SP_014 Assessment Discourse in Mathematics Curriculum: a hindrance for Critical Thinking and Democracy?<\/a><br \/>\n<em>Christian H. Andersson<\/em><\/p>\n<p><a href=\"http:\/\/matematikdidaktik.org\/wp-content\/uploads\/2022\/03\/madif13_SP_015_rostedt_WEBB.pdf\">SP_015 Planning Mathematics Teaching in Preschool<\/a><br \/>\n<em>Josefin Rostedt <\/em><\/p>\n<p><a href=\"http:\/\/matematikdidaktik.org\/wp-content\/uploads\/2022\/03\/madif13_SP_017_asamijohansson_WEBB.pdf\">SP_017 Building a paradidactic infrastructure for teachers\u2019 professional scholarship in Sweden\u00a0<\/a><br \/>\n<em>Yukiko Asami-Johansson &amp; Mikael Cronhjort<\/em><\/p>\n<p><a href=\"http:\/\/matematikdidaktik.org\/wp-content\/uploads\/2022\/03\/madif13_SP_018_gjovik_WEBB.pdf\">SP_018 Exploring new territories: A mathematics teacher\u2019s practice regarding programming with young learners\u00a0<\/a><br \/>\n<em>\u00d8istein Gj\u00f8vik, Iveta Kohanov\u00e1 &amp; Melih Turgut<\/em><\/p>\n<p><a href=\"http:\/\/matematikdidaktik.org\/wp-content\/uploads\/2022\/03\/madif13_SP_019_wikstrom_WEBB.pdf\">SP_019 Spatial relations and other text features in the connections between mathematical symbols and written language<\/a><br \/>\n<em>Ulrika Wikstr\u00f6m Hultdin, Ewa Bergqvist, Tomas Bergqvist, Lotta Vingsle &amp; Magnus \u00d6sterholm<\/em><\/p>\n<p><a href=\"http:\/\/matematikdidaktik.org\/wp-content\/uploads\/2022\/03\/madif13_SP_020_gunnarsson_WEBB.pdf\">SP_020 En studie om elevers uppfattning om associativitet och hur det kan p\u00e5verka algebraundervisningen\u00a0<\/a><br \/>\n<em>Robert Gunnarsson<\/em><\/p>\n<p><a href=\"http:\/\/matematikdidaktik.org\/wp-content\/uploads\/2022\/03\/madif13_SP_021_sigurjonsson_WEBB.pdf\">SP_021 Cognitively activating mathematics lessons: A Nordic comparative study<\/a><br \/>\n<em>J\u00f3hann \u00d6rn Sigurj\u00f3nsson<\/em><\/p>\n<p><a href=\"http:\/\/matematikdidaktik.org\/wp-content\/uploads\/2022\/03\/madif13_SP_022_bergqvist_WEBB.pdf\">SP_022 How natural language gives meaning to mathematical symbols in textbooks at different school years\u00a0<\/a><br \/>\n<em>Ewa Bergqvist, Lotta Vingsle, Magnus \u00d6sterholm, Tomas Bergqvist &amp; Ulrika Wikstr\u00f6m Hultdin<\/em><\/p>\n<p><a href=\"http:\/\/matematikdidaktik.org\/wp-content\/uploads\/2022\/03\/madif13_SP_023_gustafsson_WEBB.pdf\">SP_023 Student teachers\u2019 use of a general analytic rubric when scoring pupils\u2019 mathematical problem solving solutions\u00a0<\/a><br \/>\n<em>Birgit Gustafsson<\/em><\/p>\n<p><a href=\"http:\/\/matematikdidaktik.org\/wp-content\/uploads\/2022\/03\/madif13_SP_024_bergqvist_WEBB.pdf\">SP_024 Connections between natural language and mathematical symbols in mathematics textbooks<\/a><br \/>\n<em>Tomas Bergqvist, Ulrika Wikstr\u00f6m Hultdin, Ewa Bergqvist,Lotta Vingsle &amp; Magnus \u00d6sterholm<\/em><\/p>\n<p><a href=\"http:\/\/matematikdidaktik.org\/wp-content\/uploads\/2022\/03\/madif13_SP_025_dafnopoulou_WEBB.pdf\">SP_025 Multilingual mathematics teachers\u2019 professional identity in multilingual mathematics context<\/a><br \/>\n<em>Danai Dafnopoulou<\/em><\/p>\n<p><a href=\"http:\/\/matematikdidaktik.org\/wp-content\/uploads\/2022\/03\/madif13_SP_026_bjorklundboistrup_WEBB.pdf\">SP_026 Mathematics, vocational education, and multilingualism: Epistemic aspects<\/a><br \/>\n<em>Lisa Bj\u00f6rklund Boistrup, Petra Svensson K\u00e4llberg, Ulrika Ryan<\/em><\/p>\n<p><a href=\"http:\/\/matematikdidaktik.org\/wp-content\/uploads\/2022\/03\/madif13_SP_027_walla_WEBB.pdf\">SP_027 A discourse analysis on preschool class teachers talk about assessment in mathematics<\/a><br \/>\n<em>Maria Walla<\/em><\/p>\n<p><a href=\"http:\/\/matematikdidaktik.org\/wp-content\/uploads\/2022\/03\/madif13_SP_028_norberg_WEBB.pdf\">SP_028 Students, mathematics textbooks, and agency\u00a0<\/a><br \/>\n<em>Malin Norberg<\/em><\/p>\n<p><a href=\"http:\/\/matematikdidaktik.org\/wp-content\/uploads\/2022\/03\/madif13_SP_029_karlsson_WEBB.pdf\">SP_029 Develop mathematical reasoning? \u2013 a literature review of tasks and their implementation<\/a><br \/>\n<em>Jimmy Karlsson <\/em><\/p>\n<h5>Symposiums<\/h5>\n<hr \/>\n<p><a href=\"http:\/\/matematikdidaktik.org\/wp-content\/uploads\/2022\/03\/madif13_SYM_001_teledahl_WEBB.pdf\">SY_001 Support in relation to problem solving &#8211; building a common knowledge base?<\/a><br \/>\n<em>Anna Teledahl, Anna Ida S\u00e4fstr\u00f6m &amp; Anneli Dyrvold<\/em><\/p>\n<p><a href=\"http:\/\/matematikdidaktik.org\/wp-content\/uploads\/2022\/03\/madif13_SYM_002_eriksson_WEBB.pdf\">SY_002\u00a0Challenges when implementing the Elkonin\u2013 Davydov curriculum in mathematics\u00a0<\/a><br \/>\n<em>Inger Eriksson, Helena Eriksson, Martin Nyman &amp; Sanna Wettergren<\/em><\/p>\n<p><a href=\"http:\/\/matematikdidaktik.org\/wp-content\/uploads\/2022\/03\/madif13_SYM_003_brating_WEBB.pdf\">SY_003 Exemplifying different methodological approaches of analysing textbooks in mathematics\u00a0<\/a><br \/>\n<em>Kajsa Br\u00e5ting, Cecilia Kilhamn, Olov Viirman, Anneli Dyrvold, Ida Bergvall, Hanna Knutson, Matilda H\u00e4llback, Rimma Nyman &amp; JohannaPejlare<\/em><\/p>\n","protected":false},"excerpt":{"rendered":"<p>The relation between mathematics education research and teachers\u2019 professional development Plenars Investigating What It Takes to Improve Mathematics Teaching and Learning on a Large Scale Paul Cobb Promoting teacher expertise for fostering at-risk students\u2019 understanding of basic concepts \u2013 An example for content-related PD research Susanne Prediger Full papers FP_002 Students\u2019 meanings of inclusion in &hellip; <a href=\"http:\/\/matematikdidaktik.org\/index.php\/bidrag\/\" class=\"more-link\">Forts\u00e4tt l\u00e4sa <span class=\"screen-reader-text\">Bidrag<\/span> <span class=\"meta-nav\">&rarr;<\/span><\/a><\/p>\n","protected":false},"author":4,"featured_media":0,"parent":0,"menu_order":0,"comment_status":"closed","ping_status":"closed","template":"","meta":{"footnotes":""},"class_list":["post-1370","page","type-page","status-publish","hentry"],"_links":{"self":[{"href":"http:\/\/matematikdidaktik.org\/index.php\/wp-json\/wp\/v2\/pages\/1370","targetHints":{"allow":["GET"]}}],"collection":[{"href":"http:\/\/matematikdidaktik.org\/index.php\/wp-json\/wp\/v2\/pages"}],"about":[{"href":"http:\/\/matematikdidaktik.org\/index.php\/wp-json\/wp\/v2\/types\/page"}],"author":[{"embeddable":true,"href":"http:\/\/matematikdidaktik.org\/index.php\/wp-json\/wp\/v2\/users\/4"}],"replies":[{"embeddable":true,"href":"http:\/\/matematikdidaktik.org\/index.php\/wp-json\/wp\/v2\/comments?post=1370"}],"version-history":[{"count":16,"href":"http:\/\/matematikdidaktik.org\/index.php\/wp-json\/wp\/v2\/pages\/1370\/revisions"}],"predecessor-version":[{"id":1556,"href":"http:\/\/matematikdidaktik.org\/index.php\/wp-json\/wp\/v2\/pages\/1370\/revisions\/1556"}],"wp:attachment":[{"href":"http:\/\/matematikdidaktik.org\/index.php\/wp-json\/wp\/v2\/media?parent=1370"}],"curies":[{"name":"wp","href":"https:\/\/api.w.org\/{rel}","templated":true}]}}