{"id":1369,"date":"2022-03-03T16:49:19","date_gmt":"2022-03-03T15:49:19","guid":{"rendered":"http:\/\/matematikdidaktik.org\/?page_id=1369"},"modified":"2022-08-04T13:59:47","modified_gmt":"2022-08-04T11:59:47","slug":"program","status":"publish","type":"page","link":"http:\/\/matematikdidaktik.org\/index.php\/program\/","title":{"rendered":"Program MADIF-13"},"content":{"rendered":"<h3>29 \u2013 30 mars 2022, V\u00e4xj\u00f6 \u00a0 Prelimin\u00e4rt program<\/h3>\n<p><strong><em>The relation between mathematics education research and teachers\u2019 professional development<\/em><\/strong><\/p>\n<p><a href=\"http:\/\/matematikdidaktik.org\/wp-content\/uploads\/2022\/03\/MADIF13-program-eng_28mars.pdf\">Program in English (pdf)<\/a><\/p>\n<p><a href=\"http:\/\/matematikdidaktik.org\/wp-content\/uploads\/2022\/03\/karta_vaxjo_2019.pdf\">Karta \u00f6ver campus V\u00e4xj\u00f6<\/a>\u00a0 Konferensen h\u00e5lls i hus B, D och F<br \/>\n<a href=\"http:\/\/matematikdidaktik.org\/wp-content\/uploads\/2022\/03\/Hus-B-plan-1.pdf\">Hus B plan 1<\/a>, <a href=\"http:\/\/matematikdidaktik.org\/wp-content\/uploads\/2022\/03\/Hus-D-plan-0.pdf\">Hus D plan 0 <\/a>och <a href=\"http:\/\/matematikdidaktik.org\/wp-content\/uploads\/2022\/03\/Hus-D-plan-1.pdf\">Hus D plan 1<\/a><\/p>\n<p>29 mars:<br \/>\n18:30\u00a0\u00a0\u00a0\u00a0\u00a0\u00a0\u00a0\u00a0\u00a0\u00a0\u00a0\u00a0\u00a0\u00a0\u00a0\u00a0\u00a0\u00a0\u00a0 \u2003\u2003\u2003V\u00e4lkomstmiddag p\u00e5 PM och V\u00e4nner i V\u00e4xj\u00f6.<\/p>\n<p>30 mars:<br \/>\n8:30 \u2013 9:00\u00a0\u00a0\u00a0\u00a0\u00a0\u00a0\u00a0\u00a0\u00a0\u00a0\u00a0\u00a0\u00a0\u00a0\u00a0\u00a0\u00a0\u00a0\u00a0\u00a0\u00a0\u00a0\u00a0\u00a0 Registrering och kaffe<br \/>\n9:00 \u2013 10:00\u00a0\u00a0\u00a0\u00a0\u00a0\u00a0\u00a0\u00a0\u00a0\u00a0\u00a0\u00a0\u00a0\u00a0\u00a0\u00a0\u00a0\u00a0\u00a0\u00a0\u00a0\u00a0 Deltagare v\u00e4lkomnas (Sal: <em>Homeros<\/em>)<\/p>\n<p style=\"padding-left: 152px;\"><a href=\"http:\/\/matematikdidaktik.org\/wp-content\/uploads\/2022\/04\/Vaxjo-Madif-03-221-Skrivskyddad.pdf\">Plenarf\u00f6rel\u00e4sning 1: Professor Paul Cobb<\/a><\/p>\n<p>10:00 \u2013 10:20\u00a0\u00a0\u00a0\u00a0\u00a0\u00a0\u00a0\u00a0\u00a0\u00a0\u00a0\u00a0\u00a0\u00a0\u00a0\u00a0\u00a0\u00a0\u00a0\u00a0 Fika (i Hus B\/D)<br \/>\n10:20 \u2013 11:00\u00a0\u00a0\u00a0\u00a0\u00a0\u00a0\u00a0\u00a0\u00a0\u00a0\u00a0\u00a0\u00a0\u00a0\u00a0\u00a0\u00a0\u00a0\u00a0\u00a0 Parallella presentationer 1<br \/>\n11:10 \u2013 11:50\u00a0\u00a0\u00a0\u00a0\u00a0\u00a0\u00a0\u00a0\u00a0\u00a0\u00a0\u00a0\u00a0\u00a0\u00a0\u00a0\u00a0\u00a0\u00a0\u00a0 Parallella presentationer 2<br \/>\n11:50 \u2013 12:50 \u00a0\u00a0\u00a0\u00a0\u00a0\u00a0\u00a0\u00a0\u00a0\u00a0\u00a0\u00a0\u00a0\u00a0\u00a0\u00a0\u00a0\u00a0\u00a0 Lunch (i restaurang Kristina)<br \/>\n12:50 \u2013 13:40\u00a0\u00a0\u00a0\u00a0\u00a0\u00a0\u00a0\u00a0\u00a0\u00a0\u00a0\u00a0\u00a0\u00a0\u00a0\u00a0\u00a0\u00a0\u00a0\u00a0 <a href=\"http:\/\/matematikdidaktik.org\/wp-content\/uploads\/2022\/04\/Prediger-22-Va\u0308xjo\u0308-Promoting-Teacher-Expertise-MSK.pdf\">Plenarf\u00f6rel\u00e4sning 2: Professor Susanne Prediger<\/a> (Sal: <em>Homeros)<\/em><\/p>\n<p style=\"padding-left: 152px;\">Titel: <em>Promoting teacher\u00a0expertise\u00a0for\u00a0fostering\u00a0students\u2019\u00a0understanding of\u00a0arithmetic: An example for\u00a0content-related PD research.<\/em><\/p>\n<p>13:40 \u2013 14:10\u00a0\u00a0\u00a0\u00a0\u00a0\u00a0\u00a0\u00a0\u00a0\u00a0\u00a0\u00a0\u00a0\u00a0\u00a0\u00a0\u00a0\u00a0\u00a0\u00a0 \u00c5rsm\u00f6te SMDF (Sal: <em>Homeros)<\/em><br \/>\n14:20 \u2013 15:20 \u00a0\u00a0\u00a0\u00a0\u00a0\u00a0\u00a0\u00a0\u00a0\u00a0\u00a0\u00a0\u00a0\u00a0\u00a0\u00a0\u00a0\u00a0\u00a0 Parallella presentationer 3: Short presentations<br \/>\n15:20 \u2013 15:40\u00a0\u00a0\u00a0\u00a0\u00a0\u00a0\u00a0\u00a0\u00a0\u00a0\u00a0\u00a0\u00a0\u00a0\u00a0\u00a0\u00a0\u00a0\u00a0\u00a0 Fika (i Hus B\/D)<br \/>\n15:40 \u2013 16:20\u00a0\u00a0\u00a0\u00a0\u00a0\u00a0\u00a0\u00a0\u00a0\u00a0\u00a0\u00a0\u00a0\u00a0\u00a0\u00a0\u00a0\u00a0\u00a0\u00a0 Parallella presentationer 4<br \/>\n16:30 \u2013 17:30\u00a0\u00a0\u00a0\u00a0\u00a0\u00a0\u00a0\u00a0\u00a0\u00a0\u00a0\u00a0\u00a0\u00a0\u00a0\u00a0\u00a0\u00a0\u00a0\u00a0 Parallella presentationer 5: Short presentations<\/p>\n<p>Paper presentations: 20 min presentation + 20 min diskussion<br \/>\nShort presentations: 10 min presentation + 10 min diskussion<br \/>\nSymposium: 90 minuter<\/p>\n<p>&nbsp;<\/p>\n<p><strong>Parallella presentationer 1 (samt dubbelpass 1&amp;2 Symposium)<\/strong><br \/>\n\u2014\u2014\u2014\u2014\u2014\u2014\u2014\u2014\u2014\u2014\u2014\u2014\u2014\u2014\u2014\u2014\u2014\u2014\u2014\u2014\u2014\u2014\u2014\u2014\u2014\u2014\u2014\u2014\u2014\u2014\u2014\u2014\u2014\u2014\u2014\u2014\u2014\u2014\u2014\u2014\u2014\u2014\u2014\u2014\u2014\u2014\u2014<\/p>\n<p>FP_009 <a href=\"http:\/\/matematikdidaktik.org\/wp-content\/uploads\/2022\/03\/madif13_FP_009_ahl_WEBB.pdf\">Professional development as a means for implementing mathematics education innovations: A systematic review of twenty peer-review journals<\/a><br \/>\n<em>Linda Marie Ahl, Mario S\u00e1nchez Aguilar, Uffe Thomas Jankvist, Morten Misfeldt &amp; Johan Prytz<\/em><br \/>\n(Sal:\u00a0<em>B1006<\/em>)<\/p>\n<p>FP_003 <a href=\"http:\/\/matematikdidaktik.org\/wp-content\/uploads\/2022\/03\/madif13_FP_003_bjorklund_WEBB.pdf\">Who or how many are missing? \u2013 Toddlers experiencing numerical meaning in a game<\/a><br \/>\n<em>Bj\u00f6rklund Camilla, Palm\u00e9r Hanna &amp; Landgren Lena<\/em><br \/>\n(Sal:\u00a0<em>B1009<\/em>)<\/p>\n<p>SY_001 <a href=\"http:\/\/matematikdidaktik.org\/wp-content\/uploads\/2022\/03\/madif13_SYM_001_teledahl_WEBB.pdf\">Support in relation to problem solving &#8211; building a common knowledge base?<\/a><br \/>\n<em>Anna Teledahl, Anna Ida S\u00e4fstr\u00f6m &amp; Anneli Dyrvold<\/em><br \/>\n(Sal:\u00a0<em>D0070<\/em>)<\/p>\n<p>SY_002 <a href=\"http:\/\/matematikdidaktik.org\/wp-content\/uploads\/2022\/03\/madif13_SYM_002_eriksson_WEBB.pdf\">Challenges when implementing the Elkonin\u2013 Davydov curriculum in mathematics<\/a><br \/>\n<em>Inger Eriksson, Helena Eriksson, Martin Nyman &amp; Sanna Wettergren<\/em><br \/>\n(Sal:\u00a0<em>D1140<\/em>)<\/p>\n<p>SY_003 <a href=\"http:\/\/matematikdidaktik.org\/wp-content\/uploads\/2022\/03\/madif13_SYM_003_brating_WEBB.pdf\">Exemplifying different methodological approaches of analysing textbooks in mathematics<\/a><br \/>\n<em>Kajsa Br\u00e5ting, Cecilia Kilhamn, Olov Viirman, Anneli Dyrvold, Ida Bergvall, Hanna Knutson, Matilda H\u00e4llback, Rimma Nyman &amp; JohannaPejlare<\/em><br \/>\n(Sal:\u00a0<em>D0043<\/em>)<\/p>\n<p>&nbsp;<\/p>\n<p><strong>Parallella presentationer 2<\/strong><br \/>\n\u2014\u2014\u2014\u2014\u2014\u2014\u2014\u2014\u2014\u2014\u2014\u2014\u2014\u2014\u2014\u2014\u2014\u2014\u2014\u2014\u2014\u2014\u2014\u2014\u2014\u2014\u2014\u2014\u2014\u2014\u2014\u2014\u2014\u2014\u2014\u2014\u2014\u2014\u2014\u2014\u2014\u2014\u2014\u2014\u2014\u2014\u2014<\/p>\n<p>FP_012 <a href=\"http:\/\/matematikdidaktik.org\/wp-content\/uploads\/2022\/03\/madif13_FP_012_albarraci%CC%81n_WEBB.pdf\">Using Fermi Problems with pre-service primary teachers to bring real-life contexts into classrooms using the FPAT-framework<\/a><br \/>\n<em>Llu\u00eds Albarrac\u00edn &amp; Jonas Bergman \u00c4rleb\u00e4ck<\/em><br \/>\n(Sal:\u00a0<em>B1006<\/em>)<\/p>\n<p>FP_006 <a href=\"http:\/\/matematikdidaktik.org\/wp-content\/uploads\/2022\/03\/madif13_FP_006_bommel_WEBB.pdf\">Dividing or cookies: what do students discern?<\/a><br \/>\n<em>Jorryt van Bommel &amp; Hanna Palm\u00e9r<\/em><br \/>\n(Sal:\u00a0<em>B1009<\/em>)<\/p>\n<p>&nbsp;<\/p>\n<p><strong>Parallella presentationer 3: Short presentations<\/strong><br \/>\n\u2014\u2014\u2014\u2014\u2014\u2014\u2014\u2014\u2014\u2014\u2014\u2014\u2014\u2014\u2014\u2014\u2014\u2014\u2014\u2014\u2014\u2014\u2014\u2014\u2014\u2014\u2014\u2014\u2014\u2014\u2014\u2014\u2014\u2014\u2014\u2014\u2014\u2014\u2014\u2014\u2014\u2014\u2014\u2014\u2014\u2014\u2014<\/p>\n<p>SP_013 <a href=\"http:\/\/matematikdidaktik.org\/wp-content\/uploads\/2022\/03\/madif13_SP_013_gardesten_WEBB.pdf\">Sustaining students\u2019 participation in mathematics<\/a><br \/>\n<em>Malin Gardesten<\/em><\/p>\n<p>SP_005 <a href=\"http:\/\/matematikdidaktik.org\/wp-content\/uploads\/2022\/03\/madif13_SP_005_dyrvold_WEBB.pdf\">Using heat maps from eye tracking in stimulated recall interviews<\/a><br \/>\n<em>Anneli Dyrvold &amp; Ida Bergvall<\/em><\/p>\n<p>SP_028 <a href=\"http:\/\/matematikdidaktik.org\/wp-content\/uploads\/2022\/03\/madif13_SP_028_norberg_WEBB.pdf\">Students, mathematics textbooks, and agency<\/a><br \/>\n<em>Malin Norberg<\/em><\/p>\n<p>(Sal:\u00a0<em>D1140<\/em>)<\/p>\n<hr \/>\n<p>SP_004 <a href=\"http:\/\/matematikdidaktik.org\/wp-content\/uploads\/2022\/03\/madif13_SP_004_blomberg_WEBB.pdf\">A comparison of two frameworks for the analysis of knowledge and skills for teaching statistics \u2013 MKT vs. RCM for PCK<\/a><br \/>\n<em>Per Blomberg<\/em><\/p>\n<p>SP_009 <a href=\"http:\/\/matematikdidaktik.org\/wp-content\/uploads\/2022\/03\/madif13_SP_009_gustafsson_WEBB.pdf\">Connecting teachers\u2019 use of curriculum resources in planning with mathematical knowledge for teaching<\/a><br \/>\n<em>Marcus Gustafsson, Jorryt van Bommel and Yvonne Liljekvist<\/em><\/p>\n<p>SP_001 <a href=\"http:\/\/matematikdidaktik.org\/wp-content\/uploads\/2022\/03\/madif13_SP_001_petersson_WEBB.pdf\">Mathematical modelling in social sciences<\/a><br \/>\n<em>J\u00f6ran Petersson<\/em><\/p>\n<p>(Sal: <em>D0070<\/em>)<\/p>\n<hr \/>\n<p>SP_002 <a href=\"http:\/\/matematikdidaktik.org\/wp-content\/uploads\/2022\/03\/madif13_SP_002_turgut_WEBB.pdf\">A Tentative Attempt for Professional Development: Contingent Moments in Teaching\u00a0 Mathematics with Historical Resources<\/a><br \/>\n<em>Melih Turgut &amp; Iveta Kohanov\u2000<\/em><\/p>\n<p>SP_014 <a href=\"http:\/\/matematikdidaktik.org\/wp-content\/uploads\/2022\/03\/madif13_SP_014_andersson_WEBB.pdf\">Assessment Discourse in Mathematics Curriculum: a hindrance for Critical Thinking and Democracy?<\/a><br \/>\n<em>Christian H. Andersson<\/em><\/p>\n<p>SP_017 <a href=\"http:\/\/matematikdidaktik.org\/wp-content\/uploads\/2022\/03\/madif13_SP_017_asamijohansson_WEBB.pdf\">Building a paradidactic infrastructure for teachers\u2019 professional scholarship in Sweden<\/a><br \/>\n<em>Yukiko Asami-Johansson &amp; Mikael Cronhjort<\/em><\/p>\n<p>(Sal: <em>D0043<\/em>)<\/p>\n<hr \/>\n<p>SP_020 <a href=\"http:\/\/matematikdidaktik.org\/wp-content\/uploads\/2022\/03\/madif13_SP_020_gunnarsson_WEBB.pdf\">En studie om elevers uppfattning om associativitet och hur det kan p\u00e5verka algebraundervisningen<\/a><br \/>\n<em>Robert Gunnarsson<\/em><\/p>\n<p>SP_011 <a href=\"http:\/\/matematikdidaktik.org\/wp-content\/uploads\/2022\/03\/madif13_SP_011_larson_WEBB.pdf\">Student teachers\u2019 explanations of linear equations evaluated by comparative judgement<\/a><br \/>\n<em>Niclas Larson &amp; Kerstin Larsson<\/em><\/p>\n<p>SP_019 <a href=\"http:\/\/matematikdidaktik.org\/wp-content\/uploads\/2022\/03\/madif13_SP_019_wikstrom_WEBB.pdf\">Spatial relations and other text features in the connections between mathematical symbols and written language<\/a><br \/>\n<em>Ulrika Wikstr\u00f6m Hultdin, Ewa Bergqvist, Tomas Bergqvist, Lotta Vingsle &amp; Magnus \u00d6sterholm<\/em><\/p>\n<p>(Sal: <em>B1006<\/em>)<\/p>\n<hr \/>\n<p>SP_023 <a href=\"http:\/\/matematikdidaktik.org\/wp-content\/uploads\/2022\/03\/madif13_SP_023_gustafsson_WEBB.pdf\">Student teachers\u2019 use of a general analytic rubric when scoring pupils\u2019 mathematical problem solving solutions<\/a><br \/>\n<em>Birgit Gustafsson<\/em><\/p>\n<p>SP_025 <a href=\"http:\/\/matematikdidaktik.org\/wp-content\/uploads\/2022\/03\/madif13_SP_025_dafnopoulou_WEBB.pdf\">Multilingual mathematics teachers\u2019 professional identity in multilingual mathematics context<\/a><br \/>\n<em>Danai Dafnopoulou<\/em><\/p>\n<p>SP_026 <a href=\"http:\/\/matematikdidaktik.org\/wp-content\/uploads\/2022\/03\/madif13_SP_026_bjorklundboistrup_WEBB.pdf\">Mathematics, vocational education, and multilingualism: Epistemic aspects<\/a><br \/>\n<em>Lisa Bj\u00f6rklund Boistrup, Petra Svensson K\u00e4llberg, Ulrika Ryan<\/em><\/p>\n<p>(Sal: <em>B1009<\/em>)<\/p>\n<p>&nbsp;<\/p>\n<p><strong>Parallella presentationer 4<\/strong><br \/>\n\u2014\u2014\u2014\u2014\u2014\u2014\u2014\u2014\u2014\u2014\u2014\u2014\u2014\u2014\u2014\u2014\u2014\u2014\u2014\u2014\u2014\u2014\u2014\u2014\u2014\u2014\u2014\u2014\u2014\u2014\u2014\u2014\u2014\u2014\u2014\u2014\u2014\u2014\u2014\u2014\u2014\u2014\u2014\u2014\u2014\u2014\u2014<\/p>\n<p>FP_017 <a href=\"http:\/\/matematikdidaktik.org\/wp-content\/uploads\/2022\/03\/madif13_FP_017_bergman_arleback_WEBB.pdf\">Developing and testing a framework for analysing and comparing content matter in and across mathematics textbooks<\/a><br \/>\n<em>Jonas Bergman \u00c4rleb\u00e4ck &amp; Peter Frejd<\/em><br \/>\n(Sal:\u00a0<em>B1006<\/em>)<\/p>\n<p>FP_016 <a href=\"http:\/\/matematikdidaktik.org\/wp-content\/uploads\/2022\/03\/madif13_FP_016_sidenvall_WEBB.pdf\">Problem-solving competency over school years and grades in Swedish curricula<\/a><br \/>\n<em>Johan Sidenvall, Anna Ida S\u00e4fstr\u00f6m &amp; Erika Bostr\u00f6m<\/em><br \/>\n(Sal:\u00a0<em>B1009<\/em>)<\/p>\n<p>FP_005 <a href=\"http:\/\/matematikdidaktik.org\/wp-content\/uploads\/2022\/03\/madif13_FP_005_Sumpter_WEBB.pdf\">Lower secondary school students\u2019 gendered conceptions about mathematics and related careers<\/a><br \/>\n<em>Lovisa Sumpter, Staffan Frid &amp; Guri Nortvedt<\/em><br \/>\n(Sal:\u00a0<em>D1140<\/em>)<\/p>\n<p>FP_008 <a href=\"http:\/\/matematikdidaktik.org\/wp-content\/uploads\/2022\/03\/madif13_FP_008_fahlstrom_WEBB.pdf\">Mathematics Teachers and the Role of Physical Environment<\/a><br \/>\n<em>Magnus Fahlstr\u00f6m<\/em><br \/>\n(Sal:\u00a0<em>D0070<\/em>)<\/p>\n<p>FP_011 <a href=\"http:\/\/matematikdidaktik.org\/wp-content\/uploads\/2022\/03\/madif13_FP_011_pejlare_WEBB.pdf\">Programming to learn mathematics \u2013 exploring student teachers\u2019 instrumental genesis<\/a><br \/>\n<em>Johanna Pejlare &amp; Laura Fainsilber<\/em><br \/>\n(Sal:\u00a0<em>D0043<\/em>)<\/p>\n<p>FP_002 <a href=\"http:\/\/matematikdidaktik.org\/wp-content\/uploads\/2022\/03\/madif13_FP_002_roos_WEBB.pdf\">Students\u2019 meanings of inclusion in mathematics \u2013 implication for practice<\/a><br \/>\n<em>Helena Roos<\/em><br \/>\n(Sal:\u00a0<em>D1172<\/em>)<\/p>\n<p><em>\u00a0<\/em><em>\u00a0<\/em><\/p>\n<p><strong>Parallella presentationer 5: Short presentations<\/strong><br \/>\n\u2014\u2014\u2014\u2014\u2014\u2014\u2014\u2014\u2014\u2014\u2014\u2014\u2014\u2014\u2014\u2014\u2014\u2014\u2014\u2014\u2014\u2014\u2014\u2014\u2014\u2014\u2014\u2014\u2014\u2014\u2014\u2014\u2014\u2014\u2014\u2014\u2014\u2014\u2014\u2014\u2014\u2014\u2014\u2014\u2014\u2014\u2014<\/p>\n<p>SP_003 <a href=\"http:\/\/matematikdidaktik.org\/wp-content\/uploads\/2022\/03\/madif13_SP_003_fredriksdotter_WEBB.pdf\">Analysing argumentative processes during mathematical problem solving in small groups<\/a><br \/>\n<em>Hanna Fredriksdotter<\/em><\/p>\n<p>SP_008 <a href=\"http:\/\/matematikdidaktik.org\/wp-content\/uploads\/2022\/03\/madif13_SP_008_karlsson_WEBB.pdf\">Response To Intervention (RTI) in Number sense \u2013 Developing a method supporting students at risk in a Swedish context<\/a><br \/>\n<em>Lena Karlsson &amp; Helena Roos<\/em><em>\u00a0\u00a0 <\/em><\/p>\n<p>SP_021 <a href=\"http:\/\/matematikdidaktik.org\/wp-content\/uploads\/2022\/03\/madif13_SP_021_sigurjonsson_WEBB.pdf\">Cognitively activating mathematics lessons: A Nordic comparative study<\/a><br \/>\n<em>J\u00f3hann \u00d6rn Sigurj\u00f3nsson<\/em><\/p>\n<p>(Sal: <em>D1140<\/em>)<\/p>\n<hr \/>\n<p>SP_007 <a href=\"http:\/\/matematikdidaktik.org\/wp-content\/uploads\/2022\/03\/madif13_SP_007_johansson_WEBB.pdf\">Number sense in the app Vektor: Mathematical progression and use of various modes<\/a><br \/>\n<em>Helena Johansson, Malin Norberg &amp; Magnus \u00d6sterholm<\/em><\/p>\n<p>SP_012 <a href=\"http:\/\/matematikdidaktik.org\/wp-content\/uploads\/2022\/03\/madif13_SP_012_fantenberg_WEBB.pdf\">Designing a teacher-guide for de-ritualising teaching with GeoGebra<\/a><br \/>\n<em>Ida Fantenberg Niklasson, Nelly Wannberg, Cecilia Kozma &amp; Lisa \u00d6sterling<\/em><\/p>\n<p>SP_018 <a href=\"http:\/\/matematikdidaktik.org\/wp-content\/uploads\/2022\/03\/madif13_SP_018_gjovik_WEBB.pdf\">Exploring new territories: A mathematics teacher\u2019s practice regarding programming with young learners<\/a><br \/>\n<em>\u00d8istein Gj\u00f8vik, Iveta Kohanov\u00e1 &amp; Melih Turgut<\/em><\/p>\n<p>(Sal: <em>D0070<\/em>)<\/p>\n<hr \/>\n<p>SP_022 <a href=\"http:\/\/matematikdidaktik.org\/wp-content\/uploads\/2022\/03\/madif13_SP_022_bergqvist_WEBB.pdf\">How natural language gives meaning to mathematical symbols in textbooks at different school years<\/a><br \/>\n<em>Ewa Bergqvist, Lotta Vingsle, Magnus \u00d6sterholm, Tomas Bergqvist &amp; Ulrika Wikstr\u00f6m Hultdin<\/em><\/p>\n<p>SP_024 <a href=\"http:\/\/matematikdidaktik.org\/wp-content\/uploads\/2022\/03\/madif13_SP_024_bergqvist_WEBB.pdf\">Connections between natural language and mathematical symbols in mathematics textbooks<\/a><br \/>\n<em>Tomas Bergqvist, Ulrika Wikstr\u00f6m Hultdin, Ewa Bergqvist,Lotta Vingsle &amp; Magnus \u00d6sterholm<\/em><\/p>\n<p>SP_029 <a href=\"http:\/\/matematikdidaktik.org\/wp-content\/uploads\/2022\/03\/madif13_SP_029_karlsson_WEBB.pdf\">Develop mathematical reasoning? \u2013 a literature review of tasks and their implementation<\/a><br \/>\n<em>Jimmy Karlsson<\/em><\/p>\n<p>(Sal: <em>D0043<\/em>)<\/p>\n<hr \/>\n<p>SP_010 <a href=\"http:\/\/matematikdidaktik.org\/wp-content\/uploads\/2022\/03\/madif13_SP_010_galeano_WEBB.pdf\">Math teaching anxiety and teachers\u2019 pedagogic practice in Swedish preschools<\/a><br \/>\n<em>Laura Galeano <\/em><\/p>\n<p>SP_015 <a href=\"http:\/\/matematikdidaktik.org\/wp-content\/uploads\/2022\/03\/madif13_SP_015_rostedt_WEBB.pdf\">Planning Mathematics Teaching in Preschool<\/a><br \/>\n<em>Josefin Rostedt <\/em><\/p>\n<p>SP_027 <a href=\"http:\/\/matematikdidaktik.org\/wp-content\/uploads\/2022\/03\/madif13_SP_027_walla_WEBB.pdf\">A discourse analysis on preschool class teachers talk about assessment in mathematics<\/a><br \/>\n<em>Maria Walla<\/em><\/p>\n<p>(Sal: <em>B1006<\/em>)<\/p>\n<p><em>\u00a0<\/em><\/p>\n<p><em>\u00a0\u00a0\u00a0\u00a0\u00a0\u00a0\u00a0\u00a0\u00a0\u00a0\u00a0\u00a0\u00a0\u00a0\u00a0\u00a0\u00a0\u00a0\u00a0\u00a0\u00a0 \u00a0<\/em><\/p>\n","protected":false},"excerpt":{"rendered":"<p>29 \u2013 30 mars 2022, V\u00e4xj\u00f6 \u00a0 Prelimin\u00e4rt program The relation between mathematics education research and teachers\u2019 professional development Program in English (pdf) Karta \u00f6ver campus V\u00e4xj\u00f6\u00a0 Konferensen h\u00e5lls i hus B, D och F Hus B plan 1, Hus D plan 0 och Hus D plan 1 29 mars: 18:30\u00a0\u00a0\u00a0\u00a0\u00a0\u00a0\u00a0\u00a0\u00a0\u00a0\u00a0\u00a0\u00a0\u00a0\u00a0\u00a0\u00a0\u00a0\u00a0 \u2003\u2003\u2003V\u00e4lkomstmiddag p\u00e5 PM och &hellip; <a href=\"http:\/\/matematikdidaktik.org\/index.php\/program\/\" class=\"more-link\">Forts\u00e4tt l\u00e4sa <span class=\"screen-reader-text\">Program MADIF-13<\/span> <span class=\"meta-nav\">&rarr;<\/span><\/a><\/p>\n","protected":false},"author":4,"featured_media":0,"parent":0,"menu_order":0,"comment_status":"closed","ping_status":"closed","template":"","meta":{"footnotes":""},"class_list":["post-1369","page","type-page","status-publish","hentry"],"_links":{"self":[{"href":"http:\/\/matematikdidaktik.org\/index.php\/wp-json\/wp\/v2\/pages\/1369","targetHints":{"allow":["GET"]}}],"collection":[{"href":"http:\/\/matematikdidaktik.org\/index.php\/wp-json\/wp\/v2\/pages"}],"about":[{"href":"http:\/\/matematikdidaktik.org\/index.php\/wp-json\/wp\/v2\/types\/page"}],"author":[{"embeddable":true,"href":"http:\/\/matematikdidaktik.org\/index.php\/wp-json\/wp\/v2\/users\/4"}],"replies":[{"embeddable":true,"href":"http:\/\/matematikdidaktik.org\/index.php\/wp-json\/wp\/v2\/comments?post=1369"}],"version-history":[{"count":3,"href":"http:\/\/matematikdidaktik.org\/index.php\/wp-json\/wp\/v2\/pages\/1369\/revisions"}],"predecessor-version":[{"id":1599,"href":"http:\/\/matematikdidaktik.org\/index.php\/wp-json\/wp\/v2\/pages\/1369\/revisions\/1599"}],"wp:attachment":[{"href":"http:\/\/matematikdidaktik.org\/index.php\/wp-json\/wp\/v2\/media?parent=1369"}],"curies":[{"name":"wp","href":"https:\/\/api.w.org\/{rel}","templated":true}]}}