{"id":1331,"date":"2021-10-19T07:51:59","date_gmt":"2021-10-19T05:51:59","guid":{"rendered":"http:\/\/matematikdidaktik.org\/?page_id=1331"},"modified":"2021-10-19T07:51:59","modified_gmt":"2021-10-19T05:51:59","slug":"smdfbladet-nr-14-juni-2021","status":"publish","type":"page","link":"http:\/\/matematikdidaktik.org\/index.php\/smdfbladet-nr-14-juni-2021\/","title":{"rendered":"SMDFbladet nr 14, juni 2021"},"content":{"rendered":"<p><a href=\"http:\/\/matematikdidaktik.org\/wp-content\/uploads\/2021\/10\/SMDFbladet_14.pdf\">SMDFbladet nr 14 &#8211; H\u00f6sten \u00e4r h\u00e4r med Probleml\u00f6sning p\u00e5 schemat<\/a><\/p>\n","protected":false},"excerpt":{"rendered":"<p>SMDFbladet nr 14 &#8211; H\u00f6sten \u00e4r h\u00e4r med Probleml\u00f6sning p\u00e5 schemat<\/p>\n","protected":false},"author":4,"featured_media":0,"parent":0,"menu_order":0,"comment_status":"closed","ping_status":"closed","template":"","meta":{"footnotes":""},"class_list":["post-1331","page","type-page","status-publish","hentry"],"_links":{"self":[{"href":"http:\/\/matematikdidaktik.org\/index.php\/wp-json\/wp\/v2\/pages\/1331","targetHints":{"allow":["GET"]}}],"collection":[{"href":"http:\/\/matematikdidaktik.org\/index.php\/wp-json\/wp\/v2\/pages"}],"about":[{"href":"http:\/\/matematikdidaktik.org\/index.php\/wp-json\/wp\/v2\/types\/page"}],"author":[{"embeddable":true,"href":"http:\/\/matematikdidaktik.org\/index.php\/wp-json\/wp\/v2\/users\/4"}],"replies":[{"embeddable":true,"href":"http:\/\/matematikdidaktik.org\/index.php\/wp-json\/wp\/v2\/comments?post=1331"}],"version-history":[{"count":1,"href":"http:\/\/matematikdidaktik.org\/index.php\/wp-json\/wp\/v2\/pages\/1331\/revisions"}],"predecessor-version":[{"id":1333,"href":"http:\/\/matematikdidaktik.org\/index.php\/wp-json\/wp\/v2\/pages\/1331\/revisions\/1333"}],"wp:attachment":[{"href":"http:\/\/matematikdidaktik.org\/index.php\/wp-json\/wp\/v2\/media?parent=1331"}],"curies":[{"name":"wp","href":"https:\/\/api.w.org\/{rel}","templated":true}]}}