{"id":133,"date":"2016-09-02T09:28:14","date_gmt":"2016-09-02T07:28:14","guid":{"rendered":"http:\/\/nbas.ncm.gu.se\/webbexterna\/smdf\/?page_id=133"},"modified":"2022-03-04T09:35:48","modified_gmt":"2022-03-04T08:35:48","slug":"smdfbladet","status":"publish","type":"page","link":"http:\/\/matematikdidaktik.org\/index.php\/smdfbladet\/","title":{"rendered":"SMDFbladet"},"content":{"rendered":"<p>SMDFbladet<\/p>\n<p>SMDF:s medlemsblad gavs ut fr\u00e5n 1999 till och med januari 2012, f\u00f6r att f\u00f6ra en levande kommunikation mellan medlemmarna. Medlemsbladet f\u00e5r nu en nystart under namnet SMDFbladet och kommer att inneh\u00e5lla aktuell information om p\u00e5g\u00e5ende aktiviteter inom det svenska matematikdidaktiska forskningsf\u00e4ltet. F\u00f6r att h\u00e5lla oss uppdaterade med vad som h\u00e4nder och sker runt om i landet inbjuds d\u00e4rf\u00f6r SMDF:s medlemmar\u00a0att skicka in kortare artiklar, notiser eller ber\u00e4ttelser som kan vara av intresse f\u00f6r f\u00f6reningens medlemmar att ta del av.<\/p>\n","protected":false},"excerpt":{"rendered":"<p>SMDFbladet SMDF:s medlemsblad gavs ut fr\u00e5n 1999 till och med januari 2012, f\u00f6r att f\u00f6ra en levande kommunikation mellan medlemmarna. Medlemsbladet f\u00e5r nu en nystart under namnet SMDFbladet och kommer att inneh\u00e5lla aktuell information om p\u00e5g\u00e5ende aktiviteter inom det svenska matematikdidaktiska forskningsf\u00e4ltet. F\u00f6r att h\u00e5lla oss uppdaterade med vad som h\u00e4nder och sker runt om &hellip; <a href=\"http:\/\/matematikdidaktik.org\/index.php\/smdfbladet\/\" class=\"more-link\">Forts\u00e4tt l\u00e4sa <span class=\"screen-reader-text\">SMDFbladet<\/span> <span class=\"meta-nav\">&rarr;<\/span><\/a><\/p>\n","protected":false},"author":3,"featured_media":0,"parent":0,"menu_order":0,"comment_status":"closed","ping_status":"closed","template":"","meta":{"footnotes":""},"class_list":["post-133","page","type-page","status-publish","hentry"],"_links":{"self":[{"href":"http:\/\/matematikdidaktik.org\/index.php\/wp-json\/wp\/v2\/pages\/133","targetHints":{"allow":["GET"]}}],"collection":[{"href":"http:\/\/matematikdidaktik.org\/index.php\/wp-json\/wp\/v2\/pages"}],"about":[{"href":"http:\/\/matematikdidaktik.org\/index.php\/wp-json\/wp\/v2\/types\/page"}],"author":[{"embeddable":true,"href":"http:\/\/matematikdidaktik.org\/index.php\/wp-json\/wp\/v2\/users\/3"}],"replies":[{"embeddable":true,"href":"http:\/\/matematikdidaktik.org\/index.php\/wp-json\/wp\/v2\/comments?post=133"}],"version-history":[{"count":8,"href":"http:\/\/matematikdidaktik.org\/index.php\/wp-json\/wp\/v2\/pages\/133\/revisions"}],"predecessor-version":[{"id":1507,"href":"http:\/\/matematikdidaktik.org\/index.php\/wp-json\/wp\/v2\/pages\/133\/revisions\/1507"}],"wp:attachment":[{"href":"http:\/\/matematikdidaktik.org\/index.php\/wp-json\/wp\/v2\/media?parent=133"}],"curies":[{"name":"wp","href":"https:\/\/api.w.org\/{rel}","templated":true}]}}