{"id":1190,"date":"2021-01-28T23:59:47","date_gmt":"2021-01-28T22:59:47","guid":{"rendered":"http:\/\/matematikdidaktik.org\/?page_id=1190"},"modified":"2021-03-04T08:15:30","modified_gmt":"2021-03-04T07:15:30","slug":"arsmote-2021","status":"publish","type":"page","link":"http:\/\/matematikdidaktik.org\/index.php\/arsmote-2021\/","title":{"rendered":"\u00c5rsm\u00f6te 2021"},"content":{"rendered":"<h2>\u00c5rsm\u00f6te 2021<\/h2>\n<p>SMDF h\u00f6ll \u00e5rsm\u00f6te via Zoom onsdagen den 27 januari 2021. Verksamhetsber\u00e4ttelse f\u00f6r 2020 och verksamhetsplan f\u00f6r 2021 finner ni nedan.<\/p>\n<ul>\n<li><a href=\"http:\/\/matematikdidaktik.org\/wp-content\/uploads\/2021\/01\/2020_SMDF_Verksamhetsbera\u0308ttelse.pdf\">Verksamhetsber\u00e4ttelse 2020<\/a><\/li>\n<li><a href=\"http:\/\/matematikdidaktik.org\/wp-content\/uploads\/2020\/12\/2021_SMDF_Verksamhetsplan.pdf\">Verksamhetsplan 2021<\/a><\/li>\n<li><a href=\"http:\/\/matematikdidaktik.org\/wp-content\/uploads\/2021\/03\/210127-A\u030arsmo\u0308te.pdf\">Protokoll 2021-01-27<\/a><\/li>\n<\/ul>\n<p>Efter \u00a0\u00e5rsm\u00f6tet h\u00f6lls ett konstituerande m\u00f6te.<\/p>\n<ul>\n<li><a href=\"http:\/\/matematikdidaktik.org\/wp-content\/uploads\/2021\/03\/210127-konstituerande-mo\u0308te-.pdf\">Protokoll f\u00f6r konstituerande mo\u0308te 2021-01-27<\/a><\/li>\n<\/ul>\n","protected":false},"excerpt":{"rendered":"<p>\u00c5rsm\u00f6te 2021 SMDF h\u00f6ll \u00e5rsm\u00f6te via Zoom onsdagen den 27 januari 2021. Verksamhetsber\u00e4ttelse f\u00f6r 2020 och verksamhetsplan f\u00f6r 2021 finner ni nedan. Verksamhetsber\u00e4ttelse 2020 Verksamhetsplan 2021 Protokoll 2021-01-27 Efter \u00a0\u00e5rsm\u00f6tet h\u00f6lls ett konstituerande m\u00f6te. Protokoll f\u00f6r konstituerande mo\u0308te 2021-01-27<\/p>\n","protected":false},"author":4,"featured_media":0,"parent":0,"menu_order":0,"comment_status":"closed","ping_status":"closed","template":"","meta":{"footnotes":""},"class_list":["post-1190","page","type-page","status-publish","hentry"],"_links":{"self":[{"href":"http:\/\/matematikdidaktik.org\/index.php\/wp-json\/wp\/v2\/pages\/1190","targetHints":{"allow":["GET"]}}],"collection":[{"href":"http:\/\/matematikdidaktik.org\/index.php\/wp-json\/wp\/v2\/pages"}],"about":[{"href":"http:\/\/matematikdidaktik.org\/index.php\/wp-json\/wp\/v2\/types\/page"}],"author":[{"embeddable":true,"href":"http:\/\/matematikdidaktik.org\/index.php\/wp-json\/wp\/v2\/users\/4"}],"replies":[{"embeddable":true,"href":"http:\/\/matematikdidaktik.org\/index.php\/wp-json\/wp\/v2\/comments?post=1190"}],"version-history":[{"count":5,"href":"http:\/\/matematikdidaktik.org\/index.php\/wp-json\/wp\/v2\/pages\/1190\/revisions"}],"predecessor-version":[{"id":1232,"href":"http:\/\/matematikdidaktik.org\/index.php\/wp-json\/wp\/v2\/pages\/1190\/revisions\/1232"}],"wp:attachment":[{"href":"http:\/\/matematikdidaktik.org\/index.php\/wp-json\/wp\/v2\/media?parent=1190"}],"curies":[{"name":"wp","href":"https:\/\/api.w.org\/{rel}","templated":true}]}}