{"id":1145,"date":"2020-11-24T22:58:30","date_gmt":"2020-11-24T21:58:30","guid":{"rendered":"http:\/\/matematikdidaktik.org\/?page_id=1145"},"modified":"2020-11-24T23:04:01","modified_gmt":"2020-11-24T22:04:01","slug":"arsmote-2020","status":"publish","type":"page","link":"http:\/\/matematikdidaktik.org\/index.php\/arsmote-2020\/","title":{"rendered":"\u00c5rsm\u00f6te 2020"},"content":{"rendered":"<p class=\"x_MsoNormal\"><span lang=\"SV\">SMDF\u00a0h\u00f6ll \u00e5rsm\u00f6te 2020-01-15 p\u00e5 Linn\u00e9universitetet, G\u00f6teborgs universitet<\/span><\/p>\n<ul>\n<li><a href=\"http:\/\/matematikdidaktik.org\/wp-content\/uploads\/2020\/11\/2019_SMDF_Verksamhetsbera\u0308ttelse.pdf\">Verksamhetsber\u00e4ttelse 2019<\/a><\/li>\n<li><a href=\"http:\/\/matematikdidaktik.org\/wp-content\/uploads\/2020\/11\/2020_SMDF_Verksamhetsplan.pdf\">Verksamhetsplan f\u00f6r 2020<\/a><\/li>\n<li class=\"x_MsoNormal\"><a href=\"http:\/\/matematikdidaktik.org\/wp-content\/uploads\/2020\/11\/200115_A\u030arsmo\u0308te2020.pdf\">Protokoll \u00e5rsm\u00f6te 2020<\/a><\/li>\n<\/ul>\n<p class=\"x_MsoNormal\">Efter \u00a0\u00e5rsm\u00f6tet h\u00f6lls ett konstituerande m\u00f6te.<\/p>\n<ul>\n<li class=\"x_MsoNormal\"><a href=\"http:\/\/matematikdidaktik.org\/wp-content\/uploads\/2020\/11\/200124-_konstituerande-mo\u0308te.pdf\">Protokoll f\u00f6r konstituerande m\u00f6te 2020<\/a><\/li>\n<\/ul>\n","protected":false},"excerpt":{"rendered":"<p>SMDF\u00a0h\u00f6ll \u00e5rsm\u00f6te 2020-01-15 p\u00e5 Linn\u00e9universitetet, G\u00f6teborgs universitet Verksamhetsber\u00e4ttelse 2019 Verksamhetsplan f\u00f6r 2020 Protokoll \u00e5rsm\u00f6te 2020 Efter \u00a0\u00e5rsm\u00f6tet h\u00f6lls ett konstituerande m\u00f6te. Protokoll f\u00f6r konstituerande m\u00f6te 2020<\/p>\n","protected":false},"author":3,"featured_media":0,"parent":0,"menu_order":0,"comment_status":"closed","ping_status":"closed","template":"","meta":{"footnotes":""},"class_list":["post-1145","page","type-page","status-publish","hentry"],"_links":{"self":[{"href":"http:\/\/matematikdidaktik.org\/index.php\/wp-json\/wp\/v2\/pages\/1145","targetHints":{"allow":["GET"]}}],"collection":[{"href":"http:\/\/matematikdidaktik.org\/index.php\/wp-json\/wp\/v2\/pages"}],"about":[{"href":"http:\/\/matematikdidaktik.org\/index.php\/wp-json\/wp\/v2\/types\/page"}],"author":[{"embeddable":true,"href":"http:\/\/matematikdidaktik.org\/index.php\/wp-json\/wp\/v2\/users\/3"}],"replies":[{"embeddable":true,"href":"http:\/\/matematikdidaktik.org\/index.php\/wp-json\/wp\/v2\/comments?post=1145"}],"version-history":[{"count":4,"href":"http:\/\/matematikdidaktik.org\/index.php\/wp-json\/wp\/v2\/pages\/1145\/revisions"}],"predecessor-version":[{"id":1152,"href":"http:\/\/matematikdidaktik.org\/index.php\/wp-json\/wp\/v2\/pages\/1145\/revisions\/1152"}],"wp:attachment":[{"href":"http:\/\/matematikdidaktik.org\/index.php\/wp-json\/wp\/v2\/media?parent=1145"}],"curies":[{"name":"wp","href":"https:\/\/api.w.org\/{rel}","templated":true}]}}