{"id":109,"date":"2016-08-26T14:15:47","date_gmt":"2016-08-26T12:15:47","guid":{"rendered":"http:\/\/nbas.ncm.gu.se\/webbexterna\/smdf\/?page_id=109"},"modified":"2026-02-27T10:41:56","modified_gmt":"2026-02-27T09:41:56","slug":"om-smdf","status":"publish","type":"page","link":"http:\/\/matematikdidaktik.org\/","title":{"rendered":""},"content":{"rendered":"<hr \/>\n<p style=\"text-align: center;\">\n<h1 style=\"text-align: center;\"><strong>SMDF<\/strong><\/h1>\n<h2 style=\"text-align: center;\">Svensk f\u00f6rening f\u00f6r matematikdidaktisk forskning<\/h2>\n<p>&nbsp;<\/p>\n<hr \/>\n<h4>Om SMDF<\/h4>\n<p>V\u00e4lkommen till Svensk f\u00f6rening f\u00f6r matematikdidaktisk forskning, SMDF!<\/p>\n<p>Vi verkar f\u00f6r att st\u00e4rka den svenska matematikdidaktiska forskningens utveckling och kvalitet samt betydelsen f\u00f6r utbildning i matematik p\u00e5 alla niv\u00e5er. SMDF har som m\u00e5ls\u00e4ttning att utg\u00f6ra en m\u00f6tesplats f\u00f6r alla som \u00e4r intresserade av matematikdidaktisk forskning, via konferenser och seminarier, medlemsblad, \u00e5rsm\u00f6ten och hemsida. L\u00e4s g\u00e4rna mer i v\u00e5ra <a href=\"http:\/\/matematikdidaktik.org\/wp-content\/uploads\/2016\/08\/stadgar-uppdaterade-2017.pdf\">stadgar<\/a>.<\/p>\n<p>F\u00f6reningen bildades 1999 och har sedan dess drivits ideellt genom styrelsen och dess medlemmar. Medlemskapet \u00e4r \u00f6ppet f\u00f6r alla men riktar sig fr\u00e4mst till forskare, forskarstuderande och andra forskningsintresserade inom matematikdidaktik. Medlemmarna \u00e4r k\u00e4rnan i SMDF och d\u00e4rf\u00f6r \u00e4r arbetet med att sprida information om f\u00f6reningen och \u00f6ka medlemsantalet avg\u00f6rande f\u00f6r framtiden.<\/p>\n<p>V\u00e5ren 2016 valdes Barbro Grevholm och Christer Bergsten in som hedersmedlemmar i SMDF\u00a0 &#8211; f\u00f6r sina m\u00e5ng\u00e5riga engagemang och viktiga insatser\u00a0under SMDFs inledande tid.<\/p>\n<p>Det finns m\u00e5nga andra som ocks\u00e5 gjort fina insatser f\u00f6r SMDF genom \u00e5ren. Tidigare verksamhetsber\u00e4ttelser\/planer talar f\u00f6r sig och du hittar dessa under fliken medlemskap ovan.<\/p>\n<p>I v\u00e5r <a href=\"http:\/\/matematikdidaktik.org\/wp-content\/uploads\/2025\/01\/Verksamhetsplan-2025.docx\">verksamhetsplan 2025<\/a>\u00a0kan du l\u00e4sa vad vi siktar mot i \u00e5r.<\/p>\n<p>&nbsp;<\/p>\n<p>&nbsp;<\/p>\n<p>&nbsp;<\/p>\n","protected":false},"excerpt":{"rendered":"<p>SMDF Svensk f\u00f6rening f\u00f6r matematikdidaktisk forskning &nbsp; Om SMDF V\u00e4lkommen till Svensk f\u00f6rening f\u00f6r matematikdidaktisk forskning, SMDF! Vi verkar f\u00f6r att st\u00e4rka den svenska matematikdidaktiska forskningens utveckling och kvalitet samt betydelsen f\u00f6r utbildning i matematik p\u00e5 alla niv\u00e5er. SMDF har som m\u00e5ls\u00e4ttning att utg\u00f6ra en m\u00f6tesplats f\u00f6r alla som \u00e4r intresserade av matematikdidaktisk forskning, via &hellip; <a href=\"http:\/\/matematikdidaktik.org\/\" class=\"more-link\">Forts\u00e4tt l\u00e4sa <span class=\"screen-reader-text\"><\/span> <span class=\"meta-nav\">&rarr;<\/span><\/a><\/p>\n","protected":false},"author":3,"featured_media":0,"parent":0,"menu_order":0,"comment_status":"closed","ping_status":"closed","template":"","meta":{"footnotes":""},"class_list":["post-109","page","type-page","status-publish","hentry"],"_links":{"self":[{"href":"http:\/\/matematikdidaktik.org\/index.php\/wp-json\/wp\/v2\/pages\/109","targetHints":{"allow":["GET"]}}],"collection":[{"href":"http:\/\/matematikdidaktik.org\/index.php\/wp-json\/wp\/v2\/pages"}],"about":[{"href":"http:\/\/matematikdidaktik.org\/index.php\/wp-json\/wp\/v2\/types\/page"}],"author":[{"embeddable":true,"href":"http:\/\/matematikdidaktik.org\/index.php\/wp-json\/wp\/v2\/users\/3"}],"replies":[{"embeddable":true,"href":"http:\/\/matematikdidaktik.org\/index.php\/wp-json\/wp\/v2\/comments?post=109"}],"version-history":[{"count":7,"href":"http:\/\/matematikdidaktik.org\/index.php\/wp-json\/wp\/v2\/pages\/109\/revisions"}],"predecessor-version":[{"id":2563,"href":"http:\/\/matematikdidaktik.org\/index.php\/wp-json\/wp\/v2\/pages\/109\/revisions\/2563"}],"wp:attachment":[{"href":"http:\/\/matematikdidaktik.org\/index.php\/wp-json\/wp\/v2\/media?parent=109"}],"curies":[{"name":"wp","href":"https:\/\/api.w.org\/{rel}","templated":true}]}}