{"id":1081,"date":"2020-06-06T19:57:12","date_gmt":"2020-06-06T17:57:12","guid":{"rendered":"http:\/\/matematikdidaktik.org\/?page_id=1081"},"modified":"2020-06-06T19:58:54","modified_gmt":"2020-06-06T17:58:54","slug":"smdfbladet-nr-10-juni-2020","status":"publish","type":"page","link":"http:\/\/matematikdidaktik.org\/index.php\/smdfbladet-nr-10-juni-2020\/","title":{"rendered":"SMDFbladet nr 10, juni 2020"},"content":{"rendered":"<p><a href=\"http:\/\/matematikdidaktik.org\/wp-content\/uploads\/2020\/06\/SMDFbladet_10_2020.pdf\">Sommaren nalkas och vi blickar fram emot att tr\u00e4ffas till h\u00f6sten, f\u00f6rhoppningsvis&#8230;<\/a><\/p>\n","protected":false},"excerpt":{"rendered":"<p>Sommaren nalkas och vi blickar fram emot att tr\u00e4ffas till h\u00f6sten, f\u00f6rhoppningsvis&#8230;<\/p>\n","protected":false},"author":3,"featured_media":0,"parent":0,"menu_order":0,"comment_status":"closed","ping_status":"closed","template":"","meta":{"footnotes":""},"class_list":["post-1081","page","type-page","status-publish","hentry"],"_links":{"self":[{"href":"http:\/\/matematikdidaktik.org\/index.php\/wp-json\/wp\/v2\/pages\/1081","targetHints":{"allow":["GET"]}}],"collection":[{"href":"http:\/\/matematikdidaktik.org\/index.php\/wp-json\/wp\/v2\/pages"}],"about":[{"href":"http:\/\/matematikdidaktik.org\/index.php\/wp-json\/wp\/v2\/types\/page"}],"author":[{"embeddable":true,"href":"http:\/\/matematikdidaktik.org\/index.php\/wp-json\/wp\/v2\/users\/3"}],"replies":[{"embeddable":true,"href":"http:\/\/matematikdidaktik.org\/index.php\/wp-json\/wp\/v2\/comments?post=1081"}],"version-history":[{"count":2,"href":"http:\/\/matematikdidaktik.org\/index.php\/wp-json\/wp\/v2\/pages\/1081\/revisions"}],"predecessor-version":[{"id":1085,"href":"http:\/\/matematikdidaktik.org\/index.php\/wp-json\/wp\/v2\/pages\/1081\/revisions\/1085"}],"wp:attachment":[{"href":"http:\/\/matematikdidaktik.org\/index.php\/wp-json\/wp\/v2\/media?parent=1081"}],"curies":[{"name":"wp","href":"https:\/\/api.w.org\/{rel}","templated":true}]}}